{"id":125,"date":"2014-11-10T00:11:53","date_gmt":"2014-11-10T00:11:53","guid":{"rendered":"http:\/\/www.renobuild.pt\/\/?page_id=125"},"modified":"2017-09-26T21:31:28","modified_gmt":"2017-09-26T21:31:28","slug":"risssanierungssysteme-algarve","status":"publish","type":"page","link":"https:\/\/www.renobuild.pt\/de\/dienstleistungen\/risssanierungssysteme-algarve\/","title":{"rendered":"Risssanierungssysteme"},"content":{"rendered":"<p style=\"text-align: center;\"><span style=\"color: #999999;\">Risssanierungssysteme |\u00a0RenoBuild Algarve<\/span><\/p>\n<p><img loading=\"lazy\" class=\"alignnone\" src=\"https:\/\/www.renobuild.pt\/\/wp-content\/themes\/renobuild\/images\/fendas.jpg\" alt=\"Risssanierungssysteme. Risssanierungen und Fassadensanierungen in Algarve, Portim\u00e3o, Lagos, Lagoa, Carvoeiro, Aljezur, Sagres, Monchique, Silves, Albufeira\" width=\"290\" height=\"340\" \/> <img loading=\"lazy\" class=\"alignnone\" src=\"https:\/\/www.renobuild.pt\/\/wp-content\/themes\/renobuild\/images\/fendas-1.jpg\" alt=\"Risssanierungssysteme. Renovation. Feuchtigkeit. Algarve, Portim\u00e3o, Lagos, Lagoa, Carvoeiro, Aljezur, Sagres, Monchique, Silves, Albufeira\" width=\"290\" height=\"340\" \/> <img loading=\"lazy\" class=\"alignnone\" src=\"https:\/\/www.renobuild.pt\/\/wp-content\/themes\/renobuild\/images\/fendas-2.jpg\" alt=\"Risssanierungssysteme. Renovation Algarve, Portim\u00e3o, Lagos, Lagoa, Carvoeiro, Aljezur, Sagres, Monchique, Silves, Albufeira\" width=\"290\" height=\"340\" \/><\/p>\n<h2>Risssanierungssysteme<\/h2>\n<p>Die Wohnqualit\u00e4t eines Geb\u00e4udes h\u00e4ngt direkt von den beim Bau verwendeten Materialien ab. Die Fassadenverkleidung bildet den ersten Schutz gegen <strong>sch\u00e4dliche Einfl\u00fcsse<\/strong> (ung\u00fcnstige Wetterbedingungen und Umwelteinfl\u00fcsse) und ist deshalb von entscheidender Bedeutung f\u00fcr die Lebensdauer von Geb\u00e4uden. Im Laufe der Zeit verlieren Verkleidungen an Leistungsf\u00e4higkeit und erf\u00fcllen nicht mehr die an sie gestellten Anforderungen.<\/p>\n<p>Neben ihrer Funktion als sogenannte \u201eOpferschicht\u201c, die das Mauerwerk sch\u00fctzt, dienen Fassadenverkleidungen (Putze, Farben, etc.) schon seit Langem auch als dekorative Elemente mit hohem \u00e4sthetischen Wert.<\/p>\n<p><strong>\u00a0<\/strong><\/p>\n<h3><strong>Gr\u00fcnde f\u00fcr den Verschlei\u00df und die Rissbildung an Fassaden<\/strong><\/h3>\n<p>Unter den verschiedenen Gr\u00fcnden, die zum <strong>Verschlei\u00df von Fassadenverkleidungen<\/strong> f\u00fchren, sind speziell folgende zu nennen:<\/p>\n<ul>\n<li>Wassereinfl\u00fcsse: Feuchtigkeit und l\u00f6sliche Salze;<\/li>\n<li>Biologische Faktoren: Algen, Pilze, Bakterien, verschiedene Pflanzen und Kleintiere;<\/li>\n<li>Mechanische Faktoren: Schwund, Wind, Temperatur, Verformungen im Untergrund, Unf\u00e4lle;<\/li>\n<li>Menschliche Faktoren: unzureichende Wartungsarbeiten, Vandalismus und Verschmutzungen,<\/li>\n<\/ul>\n<p>Wasser, in seinen unterschiedlichsten Formen, stellt den gr\u00f6\u00dften Verschlei\u00dffaktor bei Fassadenverkleidungen dar und ist au\u00dferdem f\u00fcr das Auftreten weiterer, speziell biologischer Verschlei\u00dffaktoren verantwortlich.<\/p>\n<p>Die <strong>Rissbildung<\/strong> ist ein immer wieder auftretendes Problem bei Geb\u00e4uden. Die Gr\u00fcnde f\u00fcr das Entstehen von Rissen sind vielf\u00e4ltig und oft auf Verformungen in den verschiedenen Materialien, aus denen ein Geb\u00e4ude besteht, zur\u00fcckzuf\u00fchren. Zu den h\u00e4ufigsten Gr\u00fcnden z\u00e4hlen: mangelhafte Verbindung zwischen unterschiedlichen Materialien; Schwund und Ausdehnung; Temperatur- und Feuchtigkeitsgef\u00e4lle; \u00dcberbelastung; Verformung tragender Elemente; Absacken der Fundamente; Spannungsaufbau an einzelnen Punkten (z. B. an Fenster- und T\u00fcrkanten).<\/p>\n<p>&nbsp;<\/p>\n<h3><strong>Probleme von Rissen<\/strong><\/h3>\n<p>Die Rissbildung von Wandputzen geh\u00f6rt zu den h\u00e4ufigsten und st\u00f6rendsten Problemen bei Fassadenfl\u00e4chen. Die Dichtigkeit der Verkleidung wird beeintr\u00e4chtigt und f\u00fchrt zum Eindringen von Wasser \u00fcber die Risse. Dies wiederum f\u00fchrt zu <strong>Feuchtigkeitsansammlungen<\/strong> die den Wohnkomfort, das Aussehen, die W\u00e4rmeeigenschaften und die Lebensdauer der Bausubstanz beeintr\u00e4chtigen.<\/p>\n<p>&nbsp;<\/p>\n<h3><strong>Analyse, Diagnose und L\u00f6sungen f\u00fcr die Risssanierung<\/strong><\/h3>\n<p>Eine genaue Analyse von Rissen oder Spalten (Struktur; Form; Verlauf; Breite; Tiefe; Ausdehnung; Entwicklung, etc.), um deren Ursache zu bestimmen, ist von entscheidender Bedeutung bei der Wahl der richtigen Sanierungsma\u00dfnahmen.<\/p>\n<p>In vielen F\u00e4llen lassen sich Risse nicht durch eine Rissverf\u00fcllung und ein \u00dcberstreichen l\u00f6sen, da die entsprechenden Bauteile fr\u00fcher oder sp\u00e4ter erneut Risse aufweisen. In diesen F\u00e4llen sind <strong>Verkleidungssysteme<\/strong> erforderlich, die die Kr\u00e4fte, denen die entsprechenden Geb\u00e4udeteile ausgesetzt sind, <strong>ohne Rissbildung<\/strong> aufnehmen k\u00f6nnen.<\/p>\n<p>Aufgrund der st\u00e4ndig steigenden gesetzlichen Anforderungen an die Energiebilanz eines Geb\u00e4udes k\u00f6nnen Sie sich bei der <strong>Fassadensanierung<\/strong> f\u00fcr ein <strong><u><a href=\"https:\/\/www.renobuild.pt\/de\/dienstleistungen\/warmedammung\/\" target=\"_blank\">W\u00e4rmed\u00e4mm-Verbundsystem<\/a><\/u><\/strong> entscheiden. Der Einbau einer W\u00e4rmed\u00e4mmung an der Geb\u00e4udefassade z\u00e4hlt zu den effizientesten Sanierungsma\u00dfnahmen, da dieser im Vergleich zu anderen L\u00f6sungen nicht nur das Auftreten von Rissen verhindert, sondern gleichzeitig die D\u00e4mmleistung, den Schutz gegen Regenwasser und das Aussehen des Geb\u00e4udes verbessert. Au\u00dferdem wirken sich die f\u00fcr den Einbau erforderlichen Arbeiten kaum auf die Nutzung der Innenr\u00e4ume aus.<\/p>\n<p>RenoBuild verf\u00fcgt \u00fcber eine gro\u00dfe Erfahrung bei der Installation dieser (hydrophoben und wasserdampfdurchl\u00e4ssigen) Systeme und hat hier im Laufe der Jahre ein ausgezeichnetes Feedback seiner Kunden erhalten.<\/p>\n<p>&nbsp;<\/p>\n<hr \/>\n<h3><\/h3>\n<p>&nbsp;<\/p>\n<h3><span style=\"color: #808080;\"><strong>I<span style=\"color: #808080;\">nformationen \u00fcber RenoBuild auf der Webseite des Handelsvertreters der Marke <span style=\"text-decoration: underline;\"><a style=\"color: #808080; text-decoration: underline;\" href=\"http:\/\/www.sto.de\/de\/home\/home.html\" target=\"_blank\">STO<\/a><\/span><\/span><\/strong><\/span><\/h3>\n<h3><span style=\"color: #808080;\"><img loading=\"lazy\" class=\"alignnone wp-image-1574 size-medium\" src=\"https:\/\/www.renobuild.pt\/wp-content\/uploads\/2014\/10\/RB-Crack_Repair-04-300x149.jpg\" alt=\"Reinigung, Sanierung und D\u00e4mmung von Fassaden Algarve, Portim\u00e3o, Lagos, Lagoa, Carvoeiro, Aljezur, Sagres, Monchique, Silves, Albufeira\" width=\"300\" height=\"149\" srcset=\"https:\/\/www.renobuild.pt\/wp-content\/uploads\/2014\/10\/RB-Crack_Repair-04-300x149.jpg 300w, https:\/\/www.renobuild.pt\/wp-content\/uploads\/2014\/10\/RB-Crack_Repair-04-768x381.jpg 768w, https:\/\/www.renobuild.pt\/wp-content\/uploads\/2014\/10\/RB-Crack_Repair-04-1024x508.jpg 1024w\" sizes=\"(max-width: 300px) 100vw, 300px\" \/><\/span><\/h3>\n<p><span style=\"color: #808080;\">\u201c<em>Renobuild \u2013 Fassadensanierung \/ Risssanierungssysteme, Monchique<\/em><\/span><\/p>\n<p><span style=\"color: #808080;\"><em>Reinigung, Sanierung und D\u00e4mmung von Fassaden.<\/em><\/span><\/p>\n<p><span style=\"color: #808080;\"><em>In Monchique wurde unser Kunde RenoBuild mit der Sanierung von Fassaden beauftragt, weshalb der erste Schritt darin bestand, diese zu reinigen. F\u00fcr die Fassadensanierung war ein Armierungsputz mit organischem M\u00f6rtel Sto RFP und einem Glasfasernetz erforderlich. Dank des Einsatzes dieses hochflexiblen und mechanisch stark belastbaren Putzes erh\u00e4lt die Fassade eine sehr hohe Rissfestigkeit. Als Endbeschichtung kam der Au\u00dfenputz Stolit K zu Einsatz, wodurch dieser Bereich wasserdicht verschlossen wurde, seine hohe Wasserdampfdurchl\u00e4ssigkeit aber bewahrte.<\/em>\u201d<\/span><\/p>\n<p><span style=\"color: #808080;\"><em>In den 60er-Jahren hat die deutsche Firm<span style=\"color: #808080;\">engruppe <span style=\"text-decoration: underline;\"><strong><a style=\"color: #808080; text-decoration: underline;\" href=\"http:\/\/www.sto.de\/de\/home\/home.html\" target=\"_blank\">STO-AG<\/a><\/strong><\/span> die<\/span> W\u00e4rmed\u00e4mm-Verbundsysteme mit StoTherm Classic, dem ersten System seiner Art, auf dem Markt eingef\u00fchrt. Die Ziele von damals sind dieselben wie heute: Den Energieverlust von Geb\u00e4uden zu senken und die Lebensdauer von Fassaden zu erh\u00f6hen. Die ETICS-Systeme (External Thermal Insulation Composite Systems), auch W\u00e4rmed\u00e4mm-Verbundsysteme genannt, z\u00e4hlen nach wie vor zum Kerngesch\u00e4ft von Sto, das neben StoTherm Classic auch die Systeme StoTherm Vario und StoTherm Mineral anbietet. Heute ist STO ein transversaler Partner f\u00fcr die gesamte Baubranche mit einem breiten Produktangebot: Putze; Farben: Farben f\u00fcr Au\u00dfen und Innen; Grundierungen; Akustikdecken.<\/em><\/span><\/p>\n<p>&nbsp;<\/p>\n<p style=\"text-align: center;\"><span style=\"color: #999999;\">Risssanierungssysteme |\u00a0RenoBuild Algarve<\/span><\/p>\n<p style=\"text-align: center;\"><span style=\"color: #999999;\"><span style=\"text-decoration: underline;\"><strong><a style=\"color: #999999; text-decoration: underline;\" href=\"http:\/\/www.visitalgarve.pt\/?idioma=de\" target=\"_blank\">Algarve<\/a><\/strong><\/span>: Portim\u00e3o \u2022 Lagos \u2022 Lagoa \u2022 Carvoeiro \u2022 Aljezur\u00a0\u2022 Sagres \u2022 Monchique \u2022 Silves \u2022 Albufeira<\/span><\/p>\n","protected":false},"excerpt":{"rendered":"<p>Risssanierungssysteme |\u00a0RenoBuild Algarve Risssanierungssysteme Die Wohnqualit\u00e4t eines Geb\u00e4udes h\u00e4ngt direkt von den beim Bau verwendeten Materialien ab. Die Fassadenverkleidung bildet den ersten Schutz gegen sch\u00e4dliche Einfl\u00fcsse (ung\u00fcnstige Wetterbedingungen und Umwelteinfl\u00fcsse) und ist deshalb von entscheidender Bedeutung f\u00fcr die Lebensdauer von Geb\u00e4uden. Im Laufe der Zeit verlieren Verkleidungen an Leistungsf\u00e4higkeit und erf\u00fcllen nicht mehr die an [&hellip;]<\/p>\n","protected":false},"author":4,"featured_media":0,"parent":164,"menu_order":5,"comment_status":"open","ping_status":"closed","template":"services-template.php","meta":{"_links_to":"","_links_to_target":""},"_links":{"self":[{"href":"https:\/\/www.renobuild.pt\/de\/wp-json\/wp\/v2\/pages\/125"}],"collection":[{"href":"https:\/\/www.renobuild.pt\/de\/wp-json\/wp\/v2\/pages"}],"about":[{"href":"https:\/\/www.renobuild.pt\/de\/wp-json\/wp\/v2\/types\/page"}],"author":[{"embeddable":true,"href":"https:\/\/www.renobuild.pt\/de\/wp-json\/wp\/v2\/users\/4"}],"replies":[{"embeddable":true,"href":"https:\/\/www.renobuild.pt\/de\/wp-json\/wp\/v2\/comments?post=125"}],"version-history":[{"count":27,"href":"https:\/\/www.renobuild.pt\/de\/wp-json\/wp\/v2\/pages\/125\/revisions"}],"predecessor-version":[{"id":2572,"href":"https:\/\/www.renobuild.pt\/de\/wp-json\/wp\/v2\/pages\/125\/revisions\/2572"}],"up":[{"embeddable":true,"href":"https:\/\/www.renobuild.pt\/de\/wp-json\/wp\/v2\/pages\/164"}],"wp:attachment":[{"href":"https:\/\/www.renobuild.pt\/de\/wp-json\/wp\/v2\/media?parent=125"}],"curies":[{"name":"wp","href":"https:\/\/api.w.org\/{rel}","templated":true}]}}