{"id":132,"date":"2014-11-10T00:15:40","date_gmt":"2014-11-10T00:15:40","guid":{"rendered":"http:\/\/www.renobuild.pt\/\/?page_id=132"},"modified":"2017-12-20T11:39:00","modified_gmt":"2017-12-20T11:39:00","slug":"innenarbeiten-algarve","status":"publish","type":"page","link":"https:\/\/www.renobuild.pt\/de\/dienstleistungen\/innenarbeiten-algarve\/","title":{"rendered":"Innenarbeiten"},"content":{"rendered":"<p style=\"text-align: center;\"><span style=\"color: #999999;\">Innenarbeiten | RenoBuild Algarve<\/span><\/p>\n<p><img loading=\"lazy\" class=\"alignnone\" src=\"https:\/\/www.renobuild.pt\/\/wp-content\/themes\/renobuild\/images\/interiores.jpg\" alt=\"Innenarbeiten. Trockenbau. Stucco Veneziano, Marmorino. STO. Algarve, Portim\u00e3o, Lagos, Lagoa, Carvoeiro, Aljezur, Sagres, Monchique, Silves, Albufeira\" width=\"290\" height=\"340\" \/> <img loading=\"lazy\" class=\"alignnone\" src=\"https:\/\/www.renobuild.pt\/\/wp-content\/themes\/renobuild\/images\/interiores-1.jpg\" alt=\"Innenarbeiten. Strukturputze, Rustikputz. Algarve, Portim\u00e3o, Lagos, Lagoa, Carvoeiro, Aljezur, Sagres, Monchique, Silves, Albufeira\" width=\"289\" height=\"340\" \/> <img loading=\"lazy\" class=\"alignnone\" src=\"https:\/\/www.renobuild.pt\/\/wp-content\/themes\/renobuild\/images\/interiores-2.jpg\" alt=\"Innenarbeiten. Trockenbau. Akkustikdecken. STO, Quinta do Lago, Algarve, Portim\u00e3o, Lagos, Lagoa, Carvoeiro, Aljezur, Sagres, Monchique, Silves, Albufeira\" width=\"290\" height=\"340\" \/><\/p>\n<h2>Innenarbeiten<\/h2>\n<h3><strong>Umgestaltung von Innenr\u00e4umen<\/strong><\/h3>\n<p>Der Innenausbau ist eine kreative Leistung, die Rohbauten in wahre Kunstwerke verwandeln kann. Die richtige Wahl der Materialien und Systeme erm\u00f6glicht es, originelle R\u00e4ume nach Ihrem Geschmack zu schaffen.<\/p>\n<p>RenoBuild\u00ae wei\u00df, wie wichtig <strong>\u00c4sthetik<\/strong> und <strong>Komfort<\/strong> im Innenbereich sind. Deshalb stellen wir Ihnen verschiedene Dienstleistungen bereit, die Ihnen eine <strong>gro\u00dfe Auswahl<\/strong> bei der <strong>Umgestaltung und Modernisierung Ihrer Innenr\u00e4ume<\/strong> bieten.<\/p>\n<ul>\n<li>Abgeh\u00e4ngte Decken und Leichtbauw\u00e4nde aus Gipskarton (Rigips);<\/li>\n<li>W\u00e4rme- und Schalld\u00e4mm-Systeme f\u00fcr den Innenbereich;<\/li>\n<li>Stuckateurarbeiten (Putze aus Gips und Kalk);<\/li>\n<li>Putze aus traditionellen M\u00f6rteln (Kalk, Zement, Kalk und Zement) sowie Tonm\u00f6rtel;<\/li>\n<li>Dekorative Beschichtungen;<\/li>\n<li>Effekt- und Strukturbeschichtungen (z. B. Stucco Veneziano);<\/li>\n<li>Ausf\u00fchrung von Leisten und Rahmen;<\/li>\n<li>Behandlung von Schimmel und Ausbl\u00fchungen.<\/li>\n<\/ul>\n<p>Im Ausstellungsraum von RenoBuild finden Sie eine gro\u00dfe Auswahl an Mustern, die Ihnen dabei helfen, sich \u00fcber die vielf\u00e4ltigen M\u00f6glichkeiten bei der Umgestaltung Ihres Hauses zu informieren.<\/p>\n<p>&nbsp;<\/p>\n<h3><span style=\"color: #800000;\"><strong>ABGEH\u00c4NGTE DECKEN UND LEICHTBAUW\u00c4NDE<\/strong><\/span><\/h3>\n<p>Gipskarton, auch als \u201eRigips\u201c bezeichnet, wird vor allem f\u00fcr Leichtbauw\u00e4nde und abgeh\u00e4ngte Decken verwendet und leistet somit einen wichtigen Beitrag zur Umgestaltung von Innenr\u00e4umen.<\/p>\n<p>Ihr schneller Einbau, Vielseitigkeit, einfache Verarbeitung und hohe Endqualit\u00e4t sorgen daf\u00fcr, dass Gipskartonplatten von der Baubranche immer h\u00e4ufiger beim Innenausbau als Trennw\u00e4nde und Verkleidung von W\u00e4nden und Decken eingesetzt werden. Die Platten werden industriell in einem Endlosverfahren hergestellt, bei dem eine Gips-Wasser-Mischung mit Zusatzstoffen zwischen zwei Kartonagen aufgebracht wird.<\/p>\n<p>Die Systeme f\u00fcr abgeh\u00e4ngte Decken und Leichtbauw\u00e4nde bieten eine gro\u00dfe Vielfalt unterschiedlicher L\u00f6sungen, die nicht nur eine hohe W\u00e4rme- und Schalld\u00e4mmung bieten, sondern auch feuer-, wasser- und schlagfest sind. Neben diesen Vorteilen eignen sie sich auch f\u00fcr unterschiedlichste Endbeschichtungen und dekorativen Details.<\/p>\n<p><strong>\u00a0<\/strong><\/p>\n<h3><span style=\"color: #800000;\"><strong>DEKORATIVE PUTZE UND SCHALLD\u00c4MMUNG<\/strong><\/span><\/h3>\n<p>Der Einsatz einer Schalld\u00e4mmung und dekorativer Putze bei der Umgestaltung von Innenr\u00e4umen erlaubt es, einzigartige R\u00e4ume zu schaffen.<\/p>\n<p><strong>Stucco Veneziano<\/strong>: Der Stucco Veneziano Marmorino ist eine Endbeschichtung auf Kalkbasis. Die einer venezianischen Tradition folgenden Endbeschichtungen aus Kalk und Marmorstaub bieten eine weiche und geschmeidige Optik. Sie lassen sich, je nach Korngr\u00f6\u00dfe und dem Anteil verschiedener Komponenten, in matten oder gl\u00e4nzenden Varianten ausf\u00fchren. Die Oberfl\u00e4chen sind wasserdampfdurchl\u00e4ssig, was das Auftreten von Kondensationen und Pilzen verhindert.<\/p>\n<p><strong>Dekorative Putze<\/strong>: Es stehen verschiedene Endbeschichtungen zur Verf\u00fcgung, die unterschiedliche dekorative Effekte bieten. Je nach eingesetztem Werkzeug lassen sich ganz unterschiedliche Oberfl\u00e4chen und dekorative Effekte erzielen.<\/p>\n<p>&nbsp;<\/p>\n<h3><span style=\"color: #800000;\"><strong>TRADITIONELLE PUTZE<\/strong><\/span><\/h3>\n<p>Die traditionellen Putze f\u00fcr Wand- und Deckenverkleidungen tragen die Namen ihrer jeweiligen Bindemittel: Kalkputze; Zementputze; Kalkzementputze; Kalkgipsputze.<\/p>\n<h3><span style=\"color: #800000;\"><strong>TONPUTZE<\/strong><\/span><\/h3>\n<p>Ton ist ein besonders hygroskopisches Material, das gro\u00dfe Mengen an Wasserdampf aufnehmen und abgegeben kann und somit zu einem stabilen Raumklima beitr\u00e4gt. Diese ausgleichende Funktion ist der gr\u00f6\u00dfte Beitrag, den der Ton zur Qualit\u00e4t von Innenr\u00e4umen beitr\u00e4gt.<\/p>\n<p>&nbsp;<\/p>\n<h3><span style=\"color: #800000;\"><strong>INNEND\u00c4MMUNG<\/strong><\/span><\/h3>\n<p>Die Innend\u00e4mmung ist von entscheidender Bedeutung, um das ganze Jahr \u00fcber f\u00fcr eine angenehme Raumtemperatur zu sorgen. Bei Sanierungsarbeiten ist es nicht immer m\u00f6glich, Arbeiten an der Fassade (Au\u00dfenarbeiten) auszuf\u00fchren. Wenn aufgrund der Fluchtlinie der angrenzenden Geb\u00e4ude oder aufgrund einer historisch wertvollen Fassade Au\u00dfenarbeiten nicht m\u00f6glich sind, l\u00e4sst sich eine Verbesserung der W\u00e4rmed\u00e4mmung des Geb\u00e4udes nur von innen heraus erreichen.<\/p>\n<p>Die D\u00e4mmsysteme f\u00fcr Innenr\u00e4ume bestehen aus einem w\u00e4rmed\u00e4mmenden (mineralischen, pflanzlichen oder synthetischen) Material sowie eingearbeiteten Elementen, die f\u00fcr die notwendige mechanische Belastbarkeit sorgt, um sp\u00e4ter die gew\u00fcnschte Endbeschichtung (Putz, Farbe, dekorative Putze, Tapeten, etc.) aufzubringen.<\/p>\n<p>&nbsp;<\/p>\n<h3><span style=\"color: #800000;\"><strong>SCHALLD\u00c4MMUNG<\/strong><\/span><\/h3>\n<p>Der akustische Komfort h\u00e4ngt nicht nur von den verwendeten Baustoffen, sondern auch von deren richtigen Positionierung und Ausrichtung sowie den im Umfeld des Geb\u00e4udes vorhandenen Ger\u00e4uschquellen ab.<\/p>\n<p>Der akustische Komfort l\u00e4sst sich anhand verschiedener Parameter, die bestimmte Grenzwerte erf\u00fcllen m\u00fcssen, quantitativ bestimmen. Je nach Gr\u00f6\u00dfe der R\u00e4ume richten sich die Anforderungen unter anderem nach folgenden wesentlichen Aspekten: Luftschalld\u00e4mmung der vertikalen und horizontalen Elemente (Trennw\u00e4nde und Fassaden); Trittschalld\u00e4mmung der horizontalen Boden- und Deckenelemente; Verbesserung der Raumakustik (Reduzierung des Echos); Schalld\u00e4mmung von Ger\u00e4ten und Anlagen.<\/p>\n<p>Welche Schalld\u00e4mmung sich am besten eignet, h\u00e4ngt von dem zu d\u00e4mmenden Schall, der durchzuf\u00fchrenden akustischen Korrektur sowie der Umgebung ab. Viele Schalld\u00e4mmungen bieten gleichzeitig eine verbesserte W\u00e4rmed\u00e4mmung.<\/p>\n<p>&nbsp;<\/p>\n<p style=\"text-align: center;\"><span style=\"color: #999999;\">Innenarbeiten | RenoBuild Algarve<\/span><\/p>\n<p style=\"text-align: center;\"><span style=\"color: #999999;\"><strong><span style=\"text-decoration: underline;\"><a style=\"color: #999999; text-decoration: underline;\" href=\"http:\/\/www.visitalgarve.pt\/?idioma=de\" target=\"_blank\" rel=\"noopener\">Algarve<\/a><\/span><\/strong>: Portim\u00e3o \u2022 Lagos \u2022 Lagoa \u2022 Carvoeiro \u2022 Aljezur\u00a0\u2022 Sagres \u2022 Monchique \u2022 Silves \u2022 Albufeira<\/span><\/p>\n","protected":false},"excerpt":{"rendered":"<p>Innenarbeiten | RenoBuild Algarve Innenarbeiten Umgestaltung von Innenr\u00e4umen Der Innenausbau ist eine kreative Leistung, die Rohbauten in wahre Kunstwerke verwandeln kann. Die richtige Wahl der Materialien und Systeme erm\u00f6glicht es, originelle R\u00e4ume nach Ihrem Geschmack zu schaffen. RenoBuild\u00ae wei\u00df, wie wichtig \u00c4sthetik und Komfort im Innenbereich sind. Deshalb stellen wir Ihnen verschiedene Dienstleistungen bereit, die [&hellip;]<\/p>\n","protected":false},"author":4,"featured_media":0,"parent":164,"menu_order":8,"comment_status":"open","ping_status":"closed","template":"services-template.php","meta":{"_links_to":"","_links_to_target":""},"_links":{"self":[{"href":"https:\/\/www.renobuild.pt\/de\/wp-json\/wp\/v2\/pages\/132"}],"collection":[{"href":"https:\/\/www.renobuild.pt\/de\/wp-json\/wp\/v2\/pages"}],"about":[{"href":"https:\/\/www.renobuild.pt\/de\/wp-json\/wp\/v2\/types\/page"}],"author":[{"embeddable":true,"href":"https:\/\/www.renobuild.pt\/de\/wp-json\/wp\/v2\/users\/4"}],"replies":[{"embeddable":true,"href":"https:\/\/www.renobuild.pt\/de\/wp-json\/wp\/v2\/comments?post=132"}],"version-history":[{"count":24,"href":"https:\/\/www.renobuild.pt\/de\/wp-json\/wp\/v2\/pages\/132\/revisions"}],"predecessor-version":[{"id":2592,"href":"https:\/\/www.renobuild.pt\/de\/wp-json\/wp\/v2\/pages\/132\/revisions\/2592"}],"up":[{"embeddable":true,"href":"https:\/\/www.renobuild.pt\/de\/wp-json\/wp\/v2\/pages\/164"}],"wp:attachment":[{"href":"https:\/\/www.renobuild.pt\/de\/wp-json\/wp\/v2\/media?parent=132"}],"curies":[{"name":"wp","href":"https:\/\/api.w.org\/{rel}","templated":true}]}}