{"id":134,"date":"2014-11-10T00:17:55","date_gmt":"2014-11-10T00:17:55","guid":{"rendered":"http:\/\/www.renobuild.pt\/\/?page_id=134"},"modified":"2016-07-04T22:58:28","modified_gmt":"2016-07-04T22:58:28","slug":"feuchtigkeitsbeseitigung","status":"publish","type":"page","link":"https:\/\/www.renobuild.pt\/de\/dienstleistungen\/feuchtigkeitsbeseitigung\/","title":{"rendered":"Feuchtigkeitsbeseitigung"},"content":{"rendered":"<p style=\"text-align: center;\"><span style=\"color: #999999;\">Feuchtigkeitsbeseitigung | RenoBuild Algarve<\/span><\/p>\n<p><img loading=\"lazy\" class=\"alignnone wp-image-632\" src=\"https:\/\/www.renobuild.pt\/wp-content\/uploads\/2014\/10\/02_290x340-256x300.jpg\" alt=\"Schimmel, Feuchtigkeitsbeseitigung, Feuchtigkeit. Sanierungsputz. Algarve, Portim\u00e3o, Lagos, Lagoa, Carvoeiro, Aljezur, Sagres, Monchique, Silves, Albufeira\" width=\"290\" height=\"340\" srcset=\"https:\/\/www.renobuild.pt\/wp-content\/uploads\/2014\/10\/02_290x340-256x300.jpg 256w, https:\/\/www.renobuild.pt\/wp-content\/uploads\/2014\/10\/02_290x340.jpg 290w\" sizes=\"(max-width: 290px) 100vw, 290px\" \/>\u00a0\u00a0<img loading=\"lazy\" class=\"alignnone wp-image-638\" src=\"https:\/\/www.renobuild.pt\/wp-content\/uploads\/2014\/10\/01_290x340-256x300.jpg\" alt=\"Salzausbl\u00fchungen. Aufsteigende Feuchtigkeit, Ausbl\u00fchungen. Algarve, Portim\u00e3o, Lagos, Lagoa, Carvoeiro, Aljezur, Sagres, Monchique, Silves, Albufeira\" width=\"290\" height=\"340\" srcset=\"https:\/\/www.renobuild.pt\/wp-content\/uploads\/2014\/10\/01_290x340-256x300.jpg 256w, https:\/\/www.renobuild.pt\/wp-content\/uploads\/2014\/10\/01_290x340.jpg 290w\" sizes=\"(max-width: 290px) 100vw, 290px\" \/>\u00a0<img loading=\"lazy\" class=\"alignnone\" src=\"https:\/\/www.renobuild.pt\/\/wp-content\/themes\/renobuild\/images\/humidade.jpg\" alt=\"Feuchtigkeitsbeseitigung, Feuchtigkeit. Sanierungsputz. Algarve, Portim\u00e3o, Lagos, Lagoa, Carvoeiro, Aljezur, Sagres, Monchique, Silves, Albufeira\" width=\"290\" height=\"340\" \/><\/p>\n<h2>Feuchtigkeitsbeseitigung\u00a0| RenoBuild Algarve<\/h2>\n<p>Wasser, das als <strong>Feuchtigkeit in W\u00e4nde<\/strong> eindringt, ist die Ursache zahlreicher Probleme, die zum <strong>Verfall eines Geb\u00e4udes<\/strong> (Verkleidungen, Putze und Farben) f\u00fchren. Die h\u00e4ufigste Ursache f\u00fcr das Auftreten von Feuchtigkeit in W\u00e4nden sind <strong>Fehler bei der Planung und beim Bau des Geb\u00e4udes<\/strong> sowie eine <strong>unzureichende Wartung<\/strong>. Zu viel Feuchtigkeit bildet den N\u00e4hrboden f\u00fcr das <strong>Entstehen von gesundheitssch\u00e4dlichen Bakterien<\/strong> (Schimmel, Pilze, etc.).<\/p>\n<p>Der Verfall eines Geb\u00e4udes wird durch die Kombination verschiedener Faktoren ausgel\u00f6st, speziell durch: die Alterung des Geb\u00e4udes und der Materialien; die im Laufe der Zeit am Geb\u00e4ude erfolgten Eingriffe; sowie die Folgen von Umwelteinfl\u00fcssen und Naturereignissen (z. B. Erdbeben). Ein fehlender Wartungsplan in Verbindung mit den oben genannten Faktoren tr\u00e4gt entscheidenden zum Verfall eines Geb\u00e4udes bei. Wartungsarbeiten, die sich normalerweise schnell und ohne gro\u00dfen Aufwand durchf\u00fchren lassen, vermeiden de facto das Auftreten von Sch\u00e4den, die \u00fcber l\u00e4ngere Zeit zu tiefgreifenden und teuren Eingriffen f\u00fchren k\u00f6nnen.<\/p>\n<p>&nbsp;<\/p>\n<h3><strong>VERSCHIEDENE FORMEN VON FEUCHTIGKEIT<\/strong><\/h3>\n<p>Feuchtigkeit kann in unterschiedlicher Form auftreten, insbesondere als:<\/p>\n<ul>\n<li><strong>Baubedingte Feuchtigkeit<\/strong>: Ergibt sich aus dem Umstand, dass bei der Herstellung bestimmter Baumaterialien Wasser notwendig ist (z. B. Beton, Putz- und Mauerm\u00f6rtel);<\/li>\n<li><strong>Feuchtigkeit durch Infiltration: <\/strong>Wird durch Niederschlag, speziell in Verbindung mit Wind, verursacht. Eine Schwachstelle auf einem Balkon oder einer Terrasse (Risse) gen\u00fcgt f\u00fcr das Auftreten dieser Form von Feuchtigkeit.<\/li>\n<li><strong>Feuchtigkeit durch Kondensation: <\/strong>Wird durch das Auftreten von Kondensationen auf Oberfl\u00e4chen und in Zwischenr\u00e4umen verursacht und steht in Verbindung mit dem Vorhandensein \u201ekalter\u201c Oberfl\u00e4chen und dem Austreten von Wasserdampf aus W\u00e4nden. In Bereichen, in denen die Oberfl\u00e4chentemperatur niedriger ist (W\u00e4rmebr\u00fccken, Glasfl\u00e4chen, &#8230;); in schlecht gel\u00fcfteten R\u00e4umen; oder R\u00e4umen mit geringem Luftaustausch (Schr\u00e4nken, Zimmerecken, etc.) kann sich Wasserdampf niederschlagen. Das Auftreten von Kondensationen h\u00e4ngt von der Nutzung und der L\u00fcftung der R\u00e4ume, den Eigenschaften der jeweiligen W\u00e4rmed\u00e4mmung, dem Vorhandensein von W\u00e4rmebr\u00fccken sowie der Raumtemperatur ab.<\/li>\n<li><strong>Aufsteigende Feuchtigkeit \/ Ausbl\u00fchungen<\/strong>: Die Kapillarwirkung ist ein nat\u00fcrliches und in Hausw\u00e4nden sehr h\u00e4ufig auftretendes Ph\u00e4nomen. Aufgrund mangelnder Dichtheit von B\u00f6den und W\u00e4nden und der bei den meisten Materialien vorhandenen Porosit\u00e4t kann die im Boden vorhandene Feuchtigkeit aufgrund der Kapillarwirkung \u00fcber die W\u00e4nde aufsteigen und dann an die Oberfl\u00e4che gelangen, wo sie zu Flecken und Ausbl\u00fchungen und zum Verfall der Verkleidungen f\u00fchrt.<\/li>\n<li><strong>Feuchtigkeit aufgrund sporadischer Ereignisse: <\/strong>Entsteht durch Unf\u00e4lle, Defekte in Anlagen und\/oder fehlende Wartung (z. B. der Bruch einer Leitung oder eines Fallrohrs, zerbrochene Dachziegel oder Fenster, einer mangelhaften Fensterdichtung, etc.).<\/li>\n<\/ul>\n<p>&nbsp;<\/p>\n<h3><span style=\"color: #800000;\"><strong>Beseitigung und Behandlung von Feuchtigkeit<\/strong><\/span><\/h3>\n<p>Bei der L\u00f6sung feuchtigkeitsbedingter Problemen achtet RenoBuild\u00ae besonders auf die <strong>Ursache und die genaue Erfassung der Probleme<\/strong>, um so das beste <strong>Sanierungsverfahren<\/strong>, sprich die <strong>effizienteste<\/strong> und <strong>unkomplizierteste<\/strong> Methode einzusetzen.<\/p>\n<ul>\n<li>L\u00f6sungen zur Beseitigung von Feuchtigkeitsquellen:\n<ul>\n<li><strong>W\u00e4rmed\u00e4mmung<\/strong>;<\/li>\n<li><strong>Risssanierungssystemen \/ Reparatur und Sanierung von Fassaden<\/strong>;<\/li>\n<li><strong>Abdichtungen<\/strong>.<\/li>\n<\/ul>\n<\/li>\n<li>Wiederherstellung der f\u00fcr einen ordnungsgem\u00e4\u00dfen Zustand notwendigen Feuchtigkeitsbeseitigung:\n<ul>\n<li><strong>Korrekte Entfernung von Schimmel, Pilzen und Bakterien von W\u00e4nden und Decken<\/strong>;<\/li>\n<li><strong>Sanierungsputz <\/strong>(Putz mit Kapillarnetzen und Poren, die im Vergleich zu \u00fcblicherweise beim Bau verwendeten Zementm\u00f6rteln wesentlich gr\u00f6\u00dfer sind. Diese M\u00f6rtel f\u00f6rdern das Verdampfen des Wassers und das Entstehen von Kristallen im Innern der Makroporen, ohne dass hierbei innere Spannungen entstehen)<strong>;<\/strong><\/li>\n<li><strong>Weitere L\u00f6sungen<\/strong>.<\/li>\n<\/ul>\n<\/li>\n<\/ul>\n<p>&nbsp;<\/p>\n<hr \/>\n<p>&nbsp;<\/p>\n<h3><span style=\"color: #808080;\"><strong>Schimmel<\/strong><\/span><\/h3>\n<p><span style=\"color: #808080;\">Schimmel besteht aus fadenbildenden Pilzkolonien, die parasit\u00e4r leben und auftreten, wenn organische Materie sowie g\u00fcnstige Feuchtigkeitsverh\u00e4ltnisse vorhanden sind. Ihre dunkle, meist gr\u00fcnliche F\u00e4rbung sieht st\u00f6rend und unsch\u00f6n aus. Eine hohe Oberfl\u00e4chenfeuchtigkeit kann an k\u00e4lteren und schlecht gel\u00fcfteten Stellen eines Hauses zu Schimmelbildung f\u00fchren. Gleichzeitig kommt es bei Schimmelbildung auch oft zu einem typischen, unangenehmen Geruch.<\/span><\/p>\n<p><span style=\"color: #808080;\">Schimmelbelastete R\u00e4ume mit zu hoher Feuchtigkeit k\u00f6nnen eine Gefahr f\u00fcr die Gesundheit darstellen. Schimmel kann zur Verstopfung der Nasenwege, Reizung des Rachens, der Augen und der Atemwege, zu Husten und Hautr\u00f6tungen sowie manchmal zu Allergien f\u00fchren. Bei Personen mit geschw\u00e4chtem Immunsystem oder bestimmten Krankheiten k\u00f6nnen Pilze ein zus\u00e4tzliches Risiko darstellen.<\/span><\/p>\n<p>&nbsp;<\/p>\n<h3><span style=\"color: #808080;\"><strong>Probleme bei Verkleidungen und Mauerwerken<\/strong><\/span><\/h3>\n<p><span style=\"color: #808080;\">Ausbl\u00fchungen (an der Oberfl\u00e4che) und kryptokristaline Ausbl\u00fchungen (im Mauerwerk) sind das Ergebnis des Zusammenspiels von Feuchtigkeit und wasserl\u00f6slichen Salzen. Wenn das eingedrungene Wasser verdampft, kristallisieren die Salze aus. Dieses Ph\u00e4nomen f\u00fchrt zu einer beachtlichen Vergr\u00f6\u00dferung des Volumens, was wiederum zum Anschwellen der Verkleidungen und deren schrittweisen Verfall f\u00fchrt.<\/span><\/p>\n<p>&nbsp;<\/p>\n<h3><span style=\"color: #808080;\"><strong>Parasit\u00e4rer Pflanzenbefall<\/strong><\/span><\/h3>\n<p><span style=\"color: #808080;\">Das Auftreten eines parasit\u00e4ren Pflanzenbefalls an verschiedenen Geb\u00e4udeteilen f\u00fchrt zu permanenter Feuchtigkeit. Anhaltende Feuchtigkeit, die Ablagerung von Staub sowie vom Wind mitgef\u00fchrte Samen f\u00fchren zur Entstehung eines parasit\u00e4ren Pflanzenbefalls, der hier ideale Bedingungen f\u00fcr seine Ausbreitung findet. Zu den Gr\u00fcnden f\u00fcr das Auftreten dieses Pflanzenbefalls z\u00e4hlen vor allem: ein unzureichender Wasserabfluss; Rissbildung; das Abl\u00f6sen und der Verschlei\u00df von Materialien und eine fehlende Wartung.<\/span><\/p>\n<p>&nbsp;<\/p>\n<p style=\"text-align: center;\"><span style=\"color: #999999;\">Feuchtigkeitsbeseitigung | RenoBuild Algarve<\/span><\/p>\n<p style=\"text-align: center;\"><span style=\"color: #999999;\"><span style=\"text-decoration: underline;\"><strong><a style=\"color: #999999; text-decoration: underline;\" href=\"http:\/\/www.visitalgarve.pt\/?idioma=de\" target=\"_blank\">Algarve<\/a><\/strong><\/span>: Portim\u00e3o \u2022 Lagos \u2022 Lagoa \u2022 Carvoeiro \u2022 Aljezur\u00a0\u2022 Sagres \u2022 Monchique \u2022 Silves \u2022 Albufeira<\/span><\/p>\n","protected":false},"excerpt":{"rendered":"<p>Feuchtigkeitsbeseitigung | RenoBuild Algarve \u00a0\u00a0\u00a0 Feuchtigkeitsbeseitigung\u00a0| RenoBuild Algarve Wasser, das als Feuchtigkeit in W\u00e4nde eindringt, ist die Ursache zahlreicher Probleme, die zum Verfall eines Geb\u00e4udes (Verkleidungen, Putze und Farben) f\u00fchren. Die h\u00e4ufigste Ursache f\u00fcr das Auftreten von Feuchtigkeit in W\u00e4nden sind Fehler bei der Planung und beim Bau des Geb\u00e4udes sowie eine unzureichende Wartung. Zu [&hellip;]<\/p>\n","protected":false},"author":4,"featured_media":0,"parent":164,"menu_order":9,"comment_status":"open","ping_status":"open","template":"services-template.php","meta":{"_links_to":"","_links_to_target":""},"_links":{"self":[{"href":"https:\/\/www.renobuild.pt\/de\/wp-json\/wp\/v2\/pages\/134"}],"collection":[{"href":"https:\/\/www.renobuild.pt\/de\/wp-json\/wp\/v2\/pages"}],"about":[{"href":"https:\/\/www.renobuild.pt\/de\/wp-json\/wp\/v2\/types\/page"}],"author":[{"embeddable":true,"href":"https:\/\/www.renobuild.pt\/de\/wp-json\/wp\/v2\/users\/4"}],"replies":[{"embeddable":true,"href":"https:\/\/www.renobuild.pt\/de\/wp-json\/wp\/v2\/comments?post=134"}],"version-history":[{"count":24,"href":"https:\/\/www.renobuild.pt\/de\/wp-json\/wp\/v2\/pages\/134\/revisions"}],"predecessor-version":[{"id":2380,"href":"https:\/\/www.renobuild.pt\/de\/wp-json\/wp\/v2\/pages\/134\/revisions\/2380"}],"up":[{"embeddable":true,"href":"https:\/\/www.renobuild.pt\/de\/wp-json\/wp\/v2\/pages\/164"}],"wp:attachment":[{"href":"https:\/\/www.renobuild.pt\/de\/wp-json\/wp\/v2\/media?parent=134"}],"curies":[{"name":"wp","href":"https:\/\/api.w.org\/{rel}","templated":true}]}}