{"id":139,"date":"2014-11-10T00:24:48","date_gmt":"2014-11-10T00:24:48","guid":{"rendered":"http:\/\/www.renobuild.pt\/\/?page_id=139"},"modified":"2016-07-04T23:07:07","modified_gmt":"2016-07-04T23:07:07","slug":"beratung-verkauf-algarve","status":"publish","type":"page","link":"https:\/\/www.renobuild.pt\/de\/dienstleistungen\/beratung-verkauf-algarve\/","title":{"rendered":"Technische Beratung &#038; Verkauf"},"content":{"rendered":"<p style=\"text-align: center;\"><span style=\"color: #999999;\">Technische Beratung &amp; Verkauf\u00a0 | RenoBuild Algarve<\/span><\/p>\n<p style=\"text-align: left;\"><img loading=\"lazy\" class=\"alignnone\" src=\"https:\/\/www.renobuild.pt\/\/wp-content\/themes\/renobuild\/images\/vendas.jpg\" alt=\"Beratung &amp; Verkauf. Algarve, Portim\u00e3o, Lagos, Lagoa, Carvoeiro, Aljezur, Sagres, Monchique, Silves, Albufeira\" width=\"290\" height=\"340\" \/> <img loading=\"lazy\" class=\"alignnone\" src=\"https:\/\/www.renobuild.pt\/\/wp-content\/themes\/renobuild\/images\/vendas-1.jpg\" alt=\"Beratung &amp; Verkauf, Farben und Putze STO. Algarve, Portim\u00e3o, Lagos, Lagoa, Carvoeiro, Aljezur, Sagres, Monchique, Silves, Albufeira\" width=\"290\" height=\"340\" \/> <img loading=\"lazy\" class=\"alignnone\" src=\"https:\/\/www.renobuild.pt\/\/wp-content\/themes\/renobuild\/images\/vendas-2.jpg\" alt=\"Beratung &amp; Verkauf, Farben und Putze STO. Algarve, Portim\u00e3o, Lagos, Lagoa, Carvoeiro, Aljezur, Sagres, Monchique, Silves, Albufeira\" width=\"290\" height=\"340\" \/><\/p>\n<h2>Technische Beratung &amp; Verkauf &#8211; RenoBuild Algarve<\/h2>\n<p>Wenn Sie <strong>Bauarbeiten in Ihrem Haus<\/strong> planen, sich aber nicht sicher sind, welche <strong>technischen L\u00f6sungen am besten f\u00fcr Ihr Projekt<\/strong> geeignet ist und \/ oder <strong>bei der Wahl der Produkte <\/strong>und deren <strong>richtigen Anwendung<\/strong> Zweifel haben, z\u00f6gern Sie nicht <span style=\"text-decoration: underline; color: #000000;\"><a style=\"color: #000000; text-decoration: underline;\" href=\"https:\/\/www.renobuild.pt\/de\/kontakt\/\">Kontakt<\/a><\/span> mit uns aufzunehmen. RenoBuild hat sich auf Verkleidungen f\u00fcr W\u00e4nde, Decken und B\u00f6den; die technische Beratung sowie den Vertrieb von Produkten in folgenden Bereichen spezialisiert:<\/p>\n<ul>\n<li>Putze;<\/li>\n<li>Grundierungen, Farben und Lacke;<\/li>\n<li>W\u00e4rme- und Schalld\u00e4mmung;<\/li>\n<li>W\u00e4rmed\u00e4mm-Verbundsysteme (WDVS &#8211; Cappotto, Capoto, Capote);<\/li>\n<li>Andere Materialien.<\/li>\n<\/ul>\n<p>&nbsp;<\/p>\n<h3><span style=\"color: #800000;\"><strong>PUTZE<\/strong><\/span><\/h3>\n<p>Die Qualit\u00e4t von Putzen spielt beim Bau eines Geb\u00e4udes eine sehr wichtige Rolle, was dessen Nutzbarkeit, Komfort, Best\u00e4ndigkeit und Aussehen betrifft.<\/p>\n<p>Putze (oder, als Verkleidung verwendet, M\u00f6rtel) sind ein Kunststein, der durch das Vermischen eines Bindemittels mit F\u00fcllstoffen und Wasser entsteht. Normalerweise gibt es 3 Arten von Bindemitteln:<\/p>\n<ul>\n<li>Zement (Zementputze);<\/li>\n<li>Kalk (Kalkputze);<\/li>\n<li>Gips (Gipsputze).<\/li>\n<\/ul>\n<p>Werden bei der Herstellung zwei Bindemittel verwendet, z. B. Zement und Kalk, spricht man von Mischputzen.<\/p>\n<p>Die Hauptaufgaben eines Putzes sind der Schutz des Untergrunds und seine dekorative Funktion. Aus diesem Grund bieten im Au\u00dfenbereich eingesetzte Putze nicht nur eine \u00e4sthetische und sch\u00fctzende Funktion, sondern sollten auch wasserundurchl\u00e4ssig, sto\u00df- und rissfest sowie wasserdampfdurchl\u00e4ssig sein.<\/p>\n<p>Des Weiteren ist noch auf den Unterschied zwischen industriell gefertigten Putzen (mit hydraulischen Bindemitteln) und den auf der Baustelle gefertigten Putzen hinzuweisen (einfache Mischungen aus Bindemittel und Sand, die f\u00fcr ein zeitgem\u00e4\u00dfes Bauen ungeeignet sind, was sowohl f\u00fcr Neubauten als auch f\u00fcr Sanierungsarbeiten gilt). Die traditionelle Herstellung von Putzen auf der Baustelle erfordert die Lagerung von Bindemitteln und F\u00fcllstoffen unter ungeeigneten Bedingungen, wo sie negativen Umwelteinfl\u00fcssen ausgesetzt sind. Die Mischung der Rohstoffe erfolgt unter mangelhaften Bedingungen, ohne die M\u00f6glichkeit eines korrekten Wiegens oder dem Einsatz von Zusatzstoffen.<\/p>\n<p>&nbsp;<\/p>\n<h3><span style=\"color: #800000;\"><strong>GRUNDIERUNGEN, FARBEN UND LACKE<\/strong><\/span><\/h3>\n<p>Die Eigenschaften des Anstrichs und seine Effizienz h\u00e4ngen nicht nur von der gew\u00e4hlten Farbe ab, sondern auch von der Verarbeitung und der Qualit\u00e4t des zu streichenden Untergrunds. Aus diesem Grund muss dieser vor dem Auftragen des Anstrichs vorbereitet werden. Deshalb spielen Grundierungen eine wichtige Rolle, da sie die Tragf\u00e4higkeit der Oberfl\u00e4che verbessern und deren Saugkraft regulieren.<\/p>\n<p>Im Allgemeinen ist eine gute Farbe:<\/p>\n<ul>\n<li>stabil;<\/li>\n<li>einfach zu verarbeiten;<\/li>\n<li>ergiebig und gut deckend;<\/li>\n<li>best\u00e4ndig und resistent;<\/li>\n<li>abwaschbar und scheuerbest\u00e4ndig;<\/li>\n<li>Pilz- und Algen hemmend.<\/li>\n<\/ul>\n<p>Die Best\u00e4ndigkeit einer Farbe dr\u00fcckt sich in deren Resistenz gegen\u00fcber der Einwirkung von Sonnenstrahlen, Regen sowie chemischen Stoffen und\/oder Schadstoffen aus. Eine qualitativ hochwertige Farbe bietet eine wesentlich h\u00f6here Best\u00e4ndigkeit als minderwertige Farbe, die normalerweise zu sehr niedrigen Preise erh\u00e4ltlich sind.<\/p>\n<p>RenoBuild kann Sie bei der Auswahl der richtigen Farbe beraten und stellt Ihnen eine gro\u00dfe Auswahl an Farben bereit.<\/p>\n<p>&nbsp;<\/p>\n<h3><span style=\"color: #800000;\"><strong>MATERIALIEN F\u00dcR DIE W\u00c4RME- UND SCHALLD\u00c4MMUNG<\/strong><\/span><\/h3>\n<p>Isolieren, bel\u00fcften und beheizen\/k\u00fchlen sind drei wesentliche Faktoren, um eine gesunde und angenehme Atmosph\u00e4re zu erhalten. Ein effizient isoliertes Haus f\u00fchrt zu geringeren Heizkosten (im Winter) und niedrigeren Ausgaben bei der K\u00fchlung (im Sommer) und sorgt das ganze Jahr \u00fcber f\u00fcr eine angenehme Temperatur bei niedrigeren Kosten.<\/p>\n<p>Es existiert eine gro\u00dfe Auswahl an Produkten zur W\u00e4rme- und Schalld\u00e4mmung. Bei der Entscheidung, welches Material eingesetzt werden soll, sind neben der technisch-finanziellen Analyse auch die zu d\u00e4mmenden Wohnbereiche, die Art der gew\u00fcnschten D\u00e4mmung sowie die Haltbarkeit und Nachhaltigkeit zu ber\u00fccksichtigen. In Bezug auf ihre Beschaffenheit lassen sich D\u00e4mmmaterialien im Wesentlichen in 3 Gruppen unterteilen: mineralische, pflanzliche und synthetische Materialien.<\/p>\n<p>RenoBuild ber\u00e4t Sie beim Kauf von Produkten zur W\u00e4rme- und Schalld\u00e4mmung von Neubauten und bestehenden Geb\u00e4uden, um den Energieverbrauch zu senken und den Wohnkomfort zu steigern. Wohnkomfort &amp; Energieeinsparung sind unser Motto.<\/p>\n<p>&nbsp;<\/p>\n<h3><span style=\"color: #800000;\"><strong>W\u00c4RMED\u00c4MMVERBUNDSYSTEME (WDVS)<\/strong><\/span><\/h3>\n<p>Der korrekte Einbau von W\u00e4rmed\u00e4mm-Verbundsystemen (WDVS &#8211; Cappotto, Capoto, Capote) befreit nicht von der sorgf\u00e4ltigen Auswahl der auf dem Markt verf\u00fcgbaren D\u00e4mmplatten, der Materialien f\u00fcr die Untergrundvorbereitung, das Verkleben und Abdichten sowie der Endbeschichtung, die der Fassade ihr endg\u00fcltiges Aussehen verleiht. Auch die richtige Ausf\u00fchrung von baulichen Details in speziellen Bereichen des Geb\u00e4udes ist eine wesentliche Voraussetzung f\u00fcr die gew\u00fcnschte Haltbarkeit und die angestrebten Energieeinsparungen.<\/p>\n<p>Mit \u00fcber 35 Jahren Erfahrung beim Einbau von W\u00e4rmed\u00e4mm-Verbundsystemen arbeitet RenoBuild mit den renommierten Marken Sto, Fassa Bortolo und Weber zusammen und kann Sie in diesem Bereich mit gro\u00dfer Fachkenntnis beraten.<\/p>\n<p>&nbsp;<\/p>\n<h3><span style=\"color: #800000;\"><strong>ANDERE MATERIALIEN<\/strong><\/span><\/h3>\n<p>Wenn Sie Ihr Haus umbauen oder renovieren m\u00f6chten, gibt es eine Vielzahl von Baumaterialien f\u00fcr Verkleidungen, die Ihnen ein besseres Aussehen, eine gr\u00f6\u00dfere Funktionalit\u00e4t, eine erh\u00f6hte Nutzbarkeit und einen h\u00f6heren Marktwert f\u00fcr Ihr Haus bieten.<\/p>\n<p>&nbsp;<\/p>\n<p>&nbsp;<\/p>\n<p style=\"text-align: center;\"><span style=\"color: #999999;\">Technische Beratung &amp; Verkauf\u00a0 | RenoBuild Algarve<\/span><\/p>\n<p style=\"text-align: center;\"><span style=\"color: #999999;\"><span style=\"text-decoration: underline;\"><strong><a style=\"color: #999999; text-decoration: underline;\" href=\"http:\/\/www.visitalgarve.pt\/?idioma=de\" target=\"_blank\">Algarve<\/a><\/strong><\/span>: Portim\u00e3o \u2022 Lagos \u2022 Lagoa \u2022 Carvoeiro \u2022 Aljezur\u00a0\u2022 Sagres \u2022 Monchique \u2022 Silves \u2022 Albufeira<\/span><\/p>\n","protected":false},"excerpt":{"rendered":"<p>Technische Beratung &amp; Verkauf\u00a0 | RenoBuild Algarve Technische Beratung &amp; Verkauf &#8211; RenoBuild Algarve Wenn Sie Bauarbeiten in Ihrem Haus planen, sich aber nicht sicher sind, welche technischen L\u00f6sungen am besten f\u00fcr Ihr Projekt geeignet ist und \/ oder bei der Wahl der Produkte und deren richtigen Anwendung Zweifel haben, z\u00f6gern Sie nicht Kontakt mit [&hellip;]<\/p>\n","protected":false},"author":4,"featured_media":0,"parent":164,"menu_order":11,"comment_status":"open","ping_status":"open","template":"services-template.php","meta":{"_links_to":"","_links_to_target":""},"_links":{"self":[{"href":"https:\/\/www.renobuild.pt\/de\/wp-json\/wp\/v2\/pages\/139"}],"collection":[{"href":"https:\/\/www.renobuild.pt\/de\/wp-json\/wp\/v2\/pages"}],"about":[{"href":"https:\/\/www.renobuild.pt\/de\/wp-json\/wp\/v2\/types\/page"}],"author":[{"embeddable":true,"href":"https:\/\/www.renobuild.pt\/de\/wp-json\/wp\/v2\/users\/4"}],"replies":[{"embeddable":true,"href":"https:\/\/www.renobuild.pt\/de\/wp-json\/wp\/v2\/comments?post=139"}],"version-history":[{"count":16,"href":"https:\/\/www.renobuild.pt\/de\/wp-json\/wp\/v2\/pages\/139\/revisions"}],"predecessor-version":[{"id":2388,"href":"https:\/\/www.renobuild.pt\/de\/wp-json\/wp\/v2\/pages\/139\/revisions\/2388"}],"up":[{"embeddable":true,"href":"https:\/\/www.renobuild.pt\/de\/wp-json\/wp\/v2\/pages\/164"}],"wp:attachment":[{"href":"https:\/\/www.renobuild.pt\/de\/wp-json\/wp\/v2\/media?parent=139"}],"curies":[{"name":"wp","href":"https:\/\/api.w.org\/{rel}","templated":true}]}}