{"id":211,"date":"2014-11-10T23:59:56","date_gmt":"2014-11-10T23:59:56","guid":{"rendered":"http:\/\/www.renobuild.pt\/\/?page_id=211"},"modified":"2017-12-22T16:18:05","modified_gmt":"2017-12-22T16:18:05","slug":"warmedammung-algarve","status":"publish","type":"page","link":"https:\/\/www.renobuild.pt\/de\/dienstleistungen\/warmedammung-algarve\/","title":{"rendered":"W\u00e4rmed\u00e4mmung"},"content":{"rendered":"<p style=\"text-align: center;\"><span style=\"color: #999999;\">W\u00e4rmed\u00e4mmung | RenoBuild Algarve<\/span><\/p>\n<p><img loading=\"lazy\" class=\"alignnone\" src=\"https:\/\/www.renobuild.pt\/\/wp-content\/themes\/renobuild\/images\/isolamento-termico.jpg\" alt=\"W\u00e4rmed\u00e4mmung STO. Isolation. WDVS-Systeme. Algarve, Portim\u00e3o, Lagos, Lagoa, Carvoeiro, Aljezur, Sagres, Monchique, Silves, Albufeira\" width=\"290\" height=\"340\" \/> <img loading=\"lazy\" class=\"alignnone\" src=\"https:\/\/www.renobuild.pt\/\/wp-content\/themes\/renobuild\/images\/isolamento-termico-1.jpg\" alt=\"W\u00e4rmed\u00e4mmung. WDVS-Systeme. Algarve, Portim\u00e3o, Lagos, Lagoa, Carvoeiro, Aljezur, Sagres, Monchique, Silves, Albufeira\" width=\"290\" height=\"340\" \/> <img loading=\"lazy\" class=\"alignnone\" src=\"https:\/\/www.renobuild.pt\/\/wp-content\/themes\/renobuild\/images\/isolamento-termico-2.jpg\" alt=\"W\u00e4rmed\u00e4mmung. Terrassend\u00e4mmung. Algarve, Portim\u00e3o, Lagos, Lagoa, Carvoeiro, Aljezur, Sagres, Monchique, Silves, Albufeira\" width=\"290\" height=\"340\" \/><\/p>\n<h2>W\u00e4rmed\u00e4mmung<\/h2>\n<p>Die <strong>zunehmenden Anspr\u00fcche an den Komfort<\/strong> und der steigende <strong>Bedarf an einem reduzierten und gut geplanten Energieverbrauch<\/strong> verleihen den <strong>thermischen Eigenschaften<\/strong> und der <strong>Energieeffizienz<\/strong> eines <strong>Geb\u00e4udes<\/strong> besondere Bedeutung.<br \/>\nMit \u00fcber 35 Jahren Erfahrung beim Einbau von <strong>W\u00e4rmed\u00e4mmsystemen<\/strong> bietet Ihnen <a href=\"https:\/\/www.flickr.com\/photos\/renobuildalgarve\/sets\/72157634378081921\/\" target=\"_blank\" rel=\"noopener\">RenoBuild<\/a>\u00ae verschiedene L\u00f6sungen zur <strong>Verbesserung Ihres Wohnkomforts<\/strong> und <strong>zur Senkung des Energieverbrauchs<\/strong>. Bei den verschiedenen W\u00e4rmed\u00e4mmsystemen, die wir Ihnen zur Verf\u00fcgung stellen, m\u00f6chten wir besonders auf folgende hinweisen:<\/p>\n<ul>\n<li>Wandd\u00e4mmung<\/li>\n<li>Dach- und Terrassend\u00e4mmung<\/li>\n<\/ul>\n<h3><\/h3>\n<p>&nbsp;<\/p>\n<h3>Wandd\u00e4mmung<\/h3>\n<p>Der Energieverbrauch von Geb\u00e4uden h\u00e4ngt sehr stark von den <strong>thermischen Eigenschaften der Fassade<\/strong> ab. Durch eine verbesserte W\u00e4rmed\u00e4mmung der Au\u00dfenw\u00e4nde oder von W\u00e4nden, die an ungeheizte R\u00e4ume angrenzen, l\u00e4sst sich der W\u00e4rmekomfort steigern und der Energieverbrauch senken.<\/p>\n<h3><span style=\"color: #800000;\"><strong>W\u00e4rmed\u00e4mm-Verbundsysteme<\/strong><\/span><\/h3>\n<p>RenoBuild verf\u00fcgt \u00fcber eine gro\u00dfe Erfahrung bei der <strong>Installation von W\u00e4rmed\u00e4mm- Verbundsystemen (WDVS)<\/strong> und hat bereits Tausende Quadratmeter Fassadenfl\u00e4che bei Alt- und Neubauten verkleidet. Unser Programm umfasst die W\u00e4rmed\u00e4mm-Systeme des deutschen<br \/>\nUnternehm<span style=\"color: #000000;\">ens <strong><span style=\"text-decoration: underline;\"><a style=\"color: #000000; text-decoration: underline;\" href=\"http:\/\/www.sto.de\/de\/home\/home.html\" target=\"_blank\" rel=\"noopener\">Sto<\/a><\/span><\/strong>, die sich besonders durch ihre fugenlosen Oberfl\u00e4chen auszeichnen.<\/span><br \/>\n<span style=\"color: #000000;\"> Diese Systeme widersteh<\/span>en nicht nur starken Regenschauern, sondern sind gleichzeitig wasserdampfdurchl\u00e4ssig.<br \/>\nWDVS bieten <strong>unz\u00e4hlige Vorteile<\/strong>:<\/p>\n<ul>\n<li>Beseitigung von W\u00e4rmebr\u00fccken;<\/li>\n<li>Reduzierung der Kondensationsgefahr auf Innenfl\u00e4chen (die zur Schimmelbildung und Pilzwachstum f\u00fchren);<\/li>\n<li>Energieeinsparung;<\/li>\n<li>Steigerung der W\u00e4rmetr\u00e4gheit im Geb\u00e4udeinneren;<\/li>\n<li>Schutz der Fassade vor widrigen Wettereinfl\u00fcssen;<\/li>\n<li>Wertsteigerung und verl\u00e4ngerte Lebensdauer des Geb\u00e4udes;<\/li>\n<li>Einfacher Einbau ohne gr\u00f6\u00dfere Umst\u00e4nde f\u00fcr die Bewohner;<\/li>\n<li>Gro\u00dfe Vielfalt an L\u00f6sungen und Beschichtungen.<\/li>\n<\/ul>\n<p>&nbsp;<\/p>\n<h3><span style=\"color: #800000;\">Dach- und Terrassend\u00e4mmung<\/span><\/h3>\n<p>Das <strong>Dach<\/strong> und insbesonders <strong>Terrassen<\/strong> unterliegen den gr\u00f6\u00dften <strong>Temperaturschwankungen<\/strong>. Aus diesem Grund ist die D\u00e4mmung von horizontalen Geb\u00e4udenfl\u00e4chen die richtige L\u00f6sung, wenn Sie den W\u00e4rmekomfort und die Energieeffizienz Ihres Hauses verbessern m\u00f6chten.<br \/>\nRenoBuild verf\u00fcgt \u00fcber eine gro\u00dfe Erfahrung bei der Installation verschiedener D\u00e4mmsysteme f\u00fcr Flach- (Umkehrd\u00e4cher, Terrassen) und geneigten D\u00e4chern (Dachplatte; D\u00e4mmung der Dachfl\u00e4chen).<\/p>\n<p>&nbsp;<\/p>\n<h3><span style=\"color: #800000;\"><strong>Innend\u00e4mmung<\/strong><\/span><\/h3>\n<p>Hier stehen Ihnen verschiedene <strong>Innend\u00e4mmsysteme<\/strong> zur Verf\u00fcgung, die Ihnen verbesserte W\u00e4rmeeigenschaften bieten und bei denen die genannten D\u00e4mmmaterialien mit Gipskartonplatten kombiniert werden. Einige dieser D\u00e4mmsysteme bieten gleichzeitig eine <strong>verbesserte Akustik<\/strong> in den umgebauten R\u00e4umen.<\/p>\n<p>&nbsp;<\/p>\n<h3><span style=\"color: #008000;\"><strong>Umweltfreundliche W\u00e4rme- und Schalld\u00e4mmsysteme aus Kork<\/strong><\/span><\/h3>\n<p><strong>Korkd\u00e4mmplatten<\/strong> werden aus einen 100 % nat\u00fcrlichen und wiederverwendbaren Rohstoff hergestellt &#8211; dem Kork, dessen Absch\u00e4len zum Lebenskreislaufs der Korkeiche geh\u00f6rt. Der Einsatz von Kork bietet vor allem folgende Vorteile: 100 % nat\u00fcrliches Produkt; sehr geringer Anteil \u201cgrauer\u201c Energie; simultane W\u00e4rme-, Schall- und Vibrationsd\u00e4mmung; hohe Formbest\u00e4ndigkeit; praktisch unbeschr\u00e4nkt haltbar ohne Verlust der technischen Eigenschaften; senkt die W\u00e4rmeleitf\u00e4higkeit; Wasserdampf durchl\u00e4ssig; setzt im Brandfall keine giftigen D\u00e4mpfe frei; chemikalienbest\u00e4ndig; nagerfest; 100 % recycelbar und f\u00fcr andere Anwendungen wiederverwendbar.<\/p>\n<p>RenoBuild ist sich der Bedeutung des nachhaltigen Bauens bewusst und bietet Ihnen deshalb die M\u00f6glichkeit Ihr Haus <strong>mit einer W\u00e4rme- und Schalld\u00e4mmung aus Kork<\/strong> (Dach, B\u00f6den, Decken und W\u00e4nde) auszustatten.<\/p>\n<p>&nbsp;<\/p>\n<hr \/>\n<h3><\/h3>\n<p>&nbsp;<\/p>\n<h3><span style=\"color: #808080;\"><strong>Informationen \u00fcber RenoBuild auf der Webseite des Handelsvertreters der Marke <span style=\"text-decoration: underline; color: #808080;\"><a style=\"color: #808080; text-decoration: underline;\" href=\"http:\/\/www.sto.de\/de\/home\/home.html\" target=\"_blank\" rel=\"noopener\">STO<\/a><\/span><\/strong><\/span><\/h3>\n<p><span style=\"color: #808080;\"><em>&#8222;<span style=\"text-decoration: underline;\">Einbau von W\u00e4rmed\u00e4mmsystemen (WDVS)<\/span><\/em><\/span><\/p>\n<p><span style=\"color: #808080;\"><em>Das Projekt Alma Verde liegt an der Westalgarve, im Kreis Vila do Bispo. Es handelt sich um mehrere \u00d6koh\u00e4user, die aufgrund ihrer Energieeffizienz, Nachhaltigkeit, Architektur und Innovation mit 23 Preisen ausgezeichnet wurden. Das Unternehmen RenoBuild hat bei diesem Projekt verschiedene Geb\u00e4ude mit dem W\u00e4rmed\u00e4mm-Verbundsystem StoTherm Classic ausgestattet.<\/em>\u201d<\/span><\/p>\n<p><span style=\"color: #808080;\"><em>In den 60er-Jahren hat die deutsche Firmengruppe <span style=\"text-decoration: underline;\"><strong><a style=\"color: #808080; text-decoration: underline;\" href=\"http:\/\/www.sto.de\/de\/home\/home.html\">STO-AG<\/a><\/strong><\/span> die W\u00e4rmed\u00e4mm-Verbundsysteme mit StoTherm Classic, dem ersten System seiner Art, auf dem Markt eingef\u00fchrt. Die Ziele von damals sind dieselben wie heute: Den Energieverlust von Geb\u00e4uden zu senken und die Lebensdauer von Fassaden zu erh\u00f6hen. Die ETICS-Systeme (External Thermal Insulation Composite Systems), auch W\u00e4rmed\u00e4mm-Verbundsysteme genannt, z\u00e4hlen nach wie vor zum Kerngesch\u00e4ft von Sto, das neben StoTherm Classic auch die Systeme StoTherm Vario und StoTherm Mineral anbietet. Heute ist STO ein transversaler Partner f\u00fcr die gesamte Baubranche mit einem breiten Produktangebot: Putze; Farben: Farben f\u00fcr Au\u00dfen und Innen; Grundierungen; Akustikdecken.<\/em><\/span><\/p>\n<p><span style=\"color: #808080;\"><em>Seit \u00fcber vier Jahrzehnten setzt StoTherm Classic\u00ae internationale Ma\u00dfst\u00e4be. Das W\u00e4rmed\u00e4mm-Verbundsystem wurde von Beginn an auf h\u00f6chste Sicherheit und Langlebigkeit gepr\u00fcft und seither kontinuierlich weiterentwickelt. Diese technische \u00dcberlegenheit sowie nahezu 100 Millionen Quadratmeter Referenzfl\u00e4che schaffen Vertrauen. Ein Vertrauen, das durch die mit Abstand niedrigste Reklamationsquote am Markt gerechtfertigt ist.<\/em><\/span><\/p>\n<p>&nbsp;<\/p>\n<p style=\"text-align: center;\"><span style=\"color: #999999;\">W\u00e4rmed\u00e4mmung | RenoBuild Algarve<\/span><\/p>\n<p style=\"text-align: center;\"><span style=\"color: #999999;\"><span style=\"text-decoration: underline;\"><strong><a style=\"color: #999999; text-decoration: underline;\" href=\"http:\/\/www.visitalgarve.pt\/?idioma=de\" target=\"_blank\" rel=\"noopener\">Algarve<\/a><\/strong><\/span>: Portim\u00e3o \u2022 Lagos \u2022 Lagoa \u2022 Carvoeiro \u2022 Aljezur\u00a0\u2022 Sagres \u2022 Monchique \u2022 Silves \u2022 Albufeira<\/span><\/p>\n","protected":false},"excerpt":{"rendered":"<p>W\u00e4rmed\u00e4mmung | RenoBuild Algarve W\u00e4rmed\u00e4mmung Die zunehmenden Anspr\u00fcche an den Komfort und der steigende Bedarf an einem reduzierten und gut geplanten Energieverbrauch verleihen den thermischen Eigenschaften und der Energieeffizienz eines Geb\u00e4udes besondere Bedeutung. Mit \u00fcber 35 Jahren Erfahrung beim Einbau von W\u00e4rmed\u00e4mmsystemen bietet Ihnen RenoBuild\u00ae verschiedene L\u00f6sungen zur Verbesserung Ihres Wohnkomforts und zur Senkung des [&hellip;]<\/p>\n","protected":false},"author":4,"featured_media":0,"parent":164,"menu_order":4,"comment_status":"open","ping_status":"open","template":"services-template.php","meta":{"_links_to":"","_links_to_target":""},"_links":{"self":[{"href":"https:\/\/www.renobuild.pt\/de\/wp-json\/wp\/v2\/pages\/211"}],"collection":[{"href":"https:\/\/www.renobuild.pt\/de\/wp-json\/wp\/v2\/pages"}],"about":[{"href":"https:\/\/www.renobuild.pt\/de\/wp-json\/wp\/v2\/types\/page"}],"author":[{"embeddable":true,"href":"https:\/\/www.renobuild.pt\/de\/wp-json\/wp\/v2\/users\/4"}],"replies":[{"embeddable":true,"href":"https:\/\/www.renobuild.pt\/de\/wp-json\/wp\/v2\/comments?post=211"}],"version-history":[{"count":41,"href":"https:\/\/www.renobuild.pt\/de\/wp-json\/wp\/v2\/pages\/211\/revisions"}],"predecessor-version":[{"id":2605,"href":"https:\/\/www.renobuild.pt\/de\/wp-json\/wp\/v2\/pages\/211\/revisions\/2605"}],"up":[{"embeddable":true,"href":"https:\/\/www.renobuild.pt\/de\/wp-json\/wp\/v2\/pages\/164"}],"wp:attachment":[{"href":"https:\/\/www.renobuild.pt\/de\/wp-json\/wp\/v2\/media?parent=211"}],"curies":[{"name":"wp","href":"https:\/\/api.w.org\/{rel}","templated":true}]}}