{"id":83,"date":"2014-11-09T14:35:08","date_gmt":"2014-11-09T14:35:08","guid":{"rendered":"http:\/\/www.renobuild.pt\/\/?page_id=83"},"modified":"2023-02-15T16:53:14","modified_gmt":"2023-02-15T16:53:14","slug":"renobuild-algarve","status":"publish","type":"page","link":"https:\/\/www.renobuild.pt\/de\/renobuild-algarve\/","title":{"rendered":"\u00dcber <strong>RenoBuild<\/strong>"},"content":{"rendered":"<p style=\"text-align: center;\"><span style=\"color: #999999;\">RenoBuild Algarve<\/span><\/p>\n<p style=\"text-align: left;\"><a href=\"https:\/\/www.flickr.com\/photos\/renobuildalgarve\/albums\/\" target=\"_blank\" rel=\"noopener noreferrer\"><img loading=\"lazy\" class=\"alignnone wp-image-1978\" src=\"https:\/\/www.renobuild.pt\/wp-content\/uploads\/2014\/11\/flikcr_branco-300x150.jpg\" alt=\"flikcr_branco\" width=\"56\" height=\"28\" srcset=\"https:\/\/www.renobuild.pt\/wp-content\/uploads\/2014\/11\/flikcr_branco-300x150.jpg 300w, https:\/\/www.renobuild.pt\/wp-content\/uploads\/2014\/11\/flikcr_branco-768x384.jpg 768w, https:\/\/www.renobuild.pt\/wp-content\/uploads\/2014\/11\/flikcr_branco.jpg 960w\" sizes=\"(max-width: 56px) 100vw, 56px\" \/><\/a>\u00a0<a href=\"https:\/\/www.homify.de\/experten\/32159\/renobuild-algarve\" target=\"_blank\" rel=\"noopener noreferrer\"><img loading=\"lazy\" class=\"alignright\" src=\"https:\/\/www.homify.pt\/assets\/badges\/standard\/130x28_black.png\" alt=\"RenoBuild Algarve na homify\" width=\"130\" height=\"28\" \/><\/a><\/p>\n<p><img loading=\"lazy\" class=\"alignnone\" src=\"https:\/\/www.renobuild.pt\/\/wp-content\/themes\/renobuild\/images\/renobuild.jpg\" alt=\"Renovierung. Umbau, umbauen. RenoBuild Algarve, Portim\u00e3o, Lagos, Lagoa, Carvoeiro, Aljezur, Sagres, Monchique, Silves, Albufeira\" width=\"290\" height=\"340\" \/> <img loading=\"lazy\" class=\"alignnone\" src=\"https:\/\/www.renobuild.pt\/\/wp-content\/themes\/renobuild\/images\/renobuild-1.jpg\" alt=\"Renovierung. Strukturputze, Gipserarbeiten, Verputz, Renobuild Algarve, Portim\u00e3o, Lagos, Lagoa, Carvoeiro, Aljezur, Sagres, Monchique, Silves, Albufeira\" width=\"290\" height=\"340\" \/> <img loading=\"lazy\" class=\"alignnone\" src=\"https:\/\/www.renobuild.pt\/\/wp-content\/themes\/renobuild\/images\/renobuild-2.jpg\" alt=\"Isolation. Isolationen. Renobuild Algarve, Portim\u00e3o, Lagos, Lagoa, Carvoeiro, Aljezur, Sagres, Monchique, Silves, Albufeira\" width=\"290\" height=\"340\" \/><\/p>\n<h2>RENOBUILD\u00ae ALGARVE<\/h2>\n<p><strong>RenoBuild<\/strong> mit Sitz in <strong>Portim\u00e3o <\/strong>\u2013<strong>Algarve<\/strong> verbindet die Berufserfahrung von <strong>Heinrich F\u00fcl\u00f6p<\/strong> und <strong>S\u00e9rgio F\u00fcl\u00f6p\u00a0<\/strong>.<\/p>\n<p>Mit mehr als <strong>35 Jahren<\/strong> Berufserfahrung sowohl in der Schweiz als auch in Portugal haben wir uns auf die Bereiche <strong>W\u00e4rmed\u00e4mmung <\/strong>(Vollw\u00e4rmeschutz), <strong>Risssanierungen<\/strong> und<strong> Abdichtungen<\/strong>; <strong>Gipser-\/Verputz-und Malerarbeiten<\/strong>; sowie das Erstellen von <strong>exklusiven Wandgestaltungen<\/strong> spezialisiert.<\/p>\n<p>Seit jeher f\u00fchlen wir uns den Prinzipien <strong>Qualit\u00e4t und Machbarkeit<\/strong> verpflichtet. Unser Ziel ist es, die beste L\u00f6sung f\u00fcr die jeweilige Aufgabe zu finden und diese umzusetzen. An der Algarve setzt <strong>RenoBuild \u00ae<\/strong> Ma\u00dfst\u00e4be in Sachen Energieeffizienz, Konservierung und Renovierung. <strong>Wohnkomfort &amp; Energieeinsparung sind unser Motto<\/strong>.<\/p>\n<h2><\/h2>\n<h2>Unser Team<\/h2>\n<p><strong>Heinrich F\u00fcl\u00f6p<\/strong> verf\u00fcgt <strong>\u00fcber mehr als 35 Jahre Berufserfahrung<\/strong>. Er begann seine berufliche Karriere 1979 als <strong>Gipser<\/strong> in der <strong>Schweiz<\/strong>. Circa 20 Jahre lang war er haupts\u00e4chlich mit dem Einbau von W\u00e4rmed\u00e4mmsystemen und der Durchf\u00fchrung von Innenarbeiten (Stuckarbeiten; dekorativen Wandverkleidungen; Kreativbeschichtungen; abgeh\u00e4ngten Decken und Trockenbauw\u00e4nde) befasst. 1998 begann er seine berufliche T\u00e4tigkeit in Portugal, wo er unz\u00e4hlige Arbeiten zur vollen Zufriedenheit seiner Kunden durchf\u00fchrte und sich so deren Anerkennung verdiente.<\/p>\n<p><strong>S\u00e9rgio F\u00fcl\u00f6p<\/strong>\u00a0begann seine berufliche Karriere als\u00a0<strong>Verarbeiter<\/strong>\u00a0im Jahre 2007, wo er haupts\u00e4chlich in\u00a0<strong>Fassaden- und Innend\u00e4mmsystemen<\/strong>,\u00a0<strong>Risssanierungen<\/strong>,\u00a0<strong>Abdichtungen<\/strong>\u00a0wie auch\u00a0<strong>Gipser- und Malerarbeiten<\/strong>\u00a0t\u00e4tig war. Von 2011 bis anfangs 2014 hat er seine berufliche Karriere in der Schweiz ausgef\u00fchrt, wo er sich in den Bereichen\u00a0<strong>Trockenbau<\/strong>\u00a0(Leichtbauw\u00e4nden, Deckenabh\u00e4ngungen, Akustikdecken, Brandschutzw\u00e4nde\/Decken) weitergebildet und spezialisiert hat. Seine Berufserfahrung ist eine Bereicherung f\u00fcr das Unternehmen Renobuild.<\/p>\n<ul>\n<li><span style=\"color: #000000;\"><strong><a style=\"color: #000000;\" href=\"https:\/\/www.renobuild.pt\/de\/dienstleistungen\/warmedammung-algarve\/\" target=\"_blank\" rel=\"noopener noreferrer\">W\u00e4rmed\u00e4mmung<\/a><\/strong><\/span>\n<ul>\n<li><span style=\"color: #808080;\">Wandd\u00e4mmung;<\/span><\/li>\n<li><span style=\"color: #808080;\">W\u00e4rmed\u00e4mm-Verbundsystemen (WDVS);<\/span><\/li>\n<li><span style=\"color: #808080;\">Innend\u00e4mmung;<\/span><\/li>\n<li><span style=\"color: #808080;\">Umweltfreundliche W\u00e4rme- und Schalld\u00e4mmsysteme aus Kork.<\/span><\/li>\n<\/ul>\n<\/li>\n<li><span style=\"color: #000000;\"><strong><a style=\"color: #000000;\" href=\"https:\/\/www.renobuild.pt\/de\/dienstleistungen\/risssanierungssysteme-algarve\/\" target=\"_blank\" rel=\"noopener noreferrer\">Risssanierungssysteme<\/a><\/strong><\/span><\/li>\n<li><span style=\"color: #000000;\"><strong><a style=\"color: #000000;\" href=\"https:\/\/www.renobuild.pt\/de\/dienstleistungen\/malerarbeiten-algarve\/\" target=\"_blank\" rel=\"noopener noreferrer\">Malerarbeiten<\/a><\/strong><\/span>\n<ul>\n<li><span style=\"color: #808080;\">Reinigung von Au\u00dfenfl\u00e4chen mit Hochdruckreinigern (Fassaden, D\u00e4cher);<\/span><\/li>\n<li><span style=\"color: #808080;\">Risssanierung sowie Beseitigung anderer Anomalien in Putzen;<\/span><\/li>\n<li><span style=\"color: #808080;\">Behandlung von Oberfl\u00e4chen mit Schimmelbefall;<\/span><\/li>\n<li><span style=\"color: #808080;\">Streichen von Au\u00dfen- und Innenw\u00e4nden;<\/span><\/li>\n<li><span style=\"color: #808080;\">Holzelemente: Behandlung, Lackierung und Anstrich;<\/span><\/li>\n<li><span style=\"color: #808080;\">Metallelemente: Rostbehandlung und Anstrich;<\/span><\/li>\n<li><span style=\"color: #808080;\">D\u00e4cher: Schutzbehandlung gegen den Befall durch Mikroorganismen (Algen, Pilze, Schimmel, etc.), Abdichtung und Anstrich.<\/span><\/li>\n<\/ul>\n<\/li>\n<li><span style=\"color: #000000;\"><strong><a style=\"color: #000000;\" href=\"https:\/\/www.renobuild.pt\/de\/dienstleistungen\/abdichtungen-algarve\/\" target=\"_blank\" rel=\"noopener noreferrer\">Abdichtungen<\/a><\/strong><\/span><\/li>\n<li><span style=\"color: #000000;\"><strong><a style=\"color: #000000;\" href=\"https:\/\/www.renobuild.pt\/de\/dienstleistungen\/innenarbeiten-algarve\/\" target=\"_blank\" rel=\"noopener noreferrer\">Innenarbeiten<\/a><\/strong><\/span>\n<ul>\n<li><span style=\"color: #808080;\">Abgeh\u00e4ngte Decken und Leichtbauw\u00e4nde aus Gipskarton (Rigips);<\/span><\/li>\n<li><span style=\"color: #808080;\">W\u00e4rme- und Schalld\u00e4mm-Systeme f\u00fcr den Innenbereich;<\/span><\/li>\n<li><span style=\"color: #808080;\">Stuckateurarbeiten (Putze aus Gips und Kalk);<\/span><\/li>\n<li><span style=\"color: #808080;\">Putze aus traditionellen M\u00f6rteln (Kalk, Zement, Kalk und Zement) sowie Tonm\u00f6rtel;<\/span><\/li>\n<li><span style=\"color: #808080;\">Dekorative Beschichtungen;<\/span><\/li>\n<li><span style=\"color: #808080;\">Effekt- und Strukturbeschichtungen (z. B. Stucco Veneziano);<\/span><\/li>\n<li><span style=\"color: #808080;\">Ausf\u00fchrung von Leisten und Rahmen;<\/span><\/li>\n<li><span style=\"color: #808080;\">Behandlung von Schimmel und Ausbl\u00fchungen.<\/span><\/li>\n<\/ul>\n<\/li>\n<li><span style=\"color: #000000;\"><strong><a style=\"color: #000000;\" href=\"https:\/\/www.renobuild.pt\/de\/dienstleistungen\/feuchtigkeitsbeseitigung\/\" target=\"_blank\" rel=\"noopener noreferrer\">Feuchtigkeitsbeseitigung<\/a><\/strong><\/span>\n<ul>\n<li><span style=\"color: #808080;\">Korrekte Entfernung von Schimmel, Pilzen und Bakterien von W\u00e4nden und Decken;<\/span><\/li>\n<li><span style=\"color: #808080;\">Aufsteigende Feuchtigkeit \/ Ausbl\u00fchungen;<\/span><\/li>\n<li><span style=\"color: #808080;\">Sanierungsputz.<\/span><\/li>\n<\/ul>\n<\/li>\n<li><span style=\"color: #000000;\"><strong><a style=\"color: #000000;\" href=\"https:\/\/www.renobuild.pt\/de\/dienstleistungen\/beratung-verkauf-algarve\/\" target=\"_blank\" rel=\"noopener noreferrer\">Technische Beratung &amp; Verkauf<\/a><\/strong><\/span>\n<ul>\n<li><span style=\"color: #808080;\">Putze;<\/span><\/li>\n<li><span style=\"color: #808080;\">Grundierungen, Farben und Lacke;<\/span><\/li>\n<li><span style=\"color: #808080;\">W\u00e4rme- und Schalld\u00e4mmung;<\/span><\/li>\n<li><span style=\"color: #808080;\">W\u00e4rmed\u00e4mm-Verbundsysteme (WDVS &#8211; Cappotto, Capoto, Capote);<\/span><\/li>\n<li><span style=\"color: #808080;\">Andere Materialien.<\/span><\/li>\n<\/ul>\n<\/li>\n<li><span style=\"color: #000000;\"><strong><a style=\"color: #000000;\" href=\"https:\/\/www.renobuild.pt\/de\/dienstleistungen\/wartung-von-hausern-algarve\/\" target=\"_blank\" rel=\"noopener noreferrer\">Wartung von H\u00e4usern<\/a><\/strong><\/span>\n<ul>\n<li><span style=\"color: #808080;\">Reinigung von Au\u00dfenw\u00e4nden, D\u00e4chern und Bodenbel\u00e4gen per Hochdruckreiniger;<\/span><\/li>\n<li><span style=\"color: #808080;\">Risssanierung sowie Beseitigung anderer Anomalien;<\/span><\/li>\n<li><span style=\"color: #808080;\">Inspektion des Zustands von Fassaden (Auftreten von Rissbildungen und Pr\u00fcfung der Integrit\u00e4t der Verkleidungen);<\/span><\/li>\n<li><span style=\"color: #808080;\">Wartung und Reparatur von W\u00e4rmed\u00e4mm-Verbundsystemen (WDVS &#8211; Cappotto, Capoto, Capote);<\/span><\/li>\n<li><span style=\"color: #808080;\">Entfernen und behandeln von Schimmel, Algen und Pilzen;<\/span><\/li>\n<li><span style=\"color: #808080;\">Kleinere Reparaturarbeiten.<\/span><\/li>\n<\/ul>\n<\/li>\n<li><span style=\"color: #000000;\"><strong><a style=\"color: #000000;\" href=\"https:\/\/www.renobuild.pt\/de\/dienstleistungen\/wartung-von-hausern-algarve\/\" target=\"_blank\" rel=\"noopener noreferrer\">Sonstige Dienstleistungen<\/a><\/strong><\/span><\/li>\n<\/ul>\n<h3>Artikeln \u00fcber RenoBuild<\/h3>\n<h3><strong>\u21d2 Firmenbericht \u00fcber RenoBuild in der Entdecken Sie Algarve, Portugals gr\u00f6sste deutschsprachige Zeitschrift.<\/strong><\/h3>\n<p>Menschen &amp; M\u00e4rkte<\/p>\n<p><em>Renobuild \u2013 Wohnkomfort &amp; Energieeinsparung<\/em><\/p>\n<p>Die Firma Renobuild mit Sitz in Portim\u00e3o ist ein Familienunternehmen, das 2012 gegr\u00fcndet wurde. Bis dahin und schon seit 1998 hat Firmeninhaber Heinrich F\u00fcl\u00f6p als Handwerksbetrieb ungez\u00e4hlte Arbeiten in den Bereichen W\u00e4rmed\u00e4mmung, Risssanierung, Abdichtung, Gipser-\/Verputz- und Malerarbeiten sowie Erstellen von exklusiven Wandgestaltungen an der Algarve ausgef\u00fchrt.<\/p>\n<p>Er begann seine berufliche Karriere 1979 in der Schweiz als Gipser und kann mittlerweile auf \u00fcber 35 Jahre Berufserfahrung zur\u00fcckblicken. Durch seine portugiesische Frau, die aus Portim\u00e3o stammt, hat er die Algarve kennen und lieben gelernt. Im Jahre 2012 gr\u00fcndete er mit seinem Schwiegersohn Filipe Pomba, der Bauingenieur und Statiker ist, die Firma Renobuild \u2013 Remodela\u00e7\u00f5es, Servi\u00e7os de T\u00e9rmica e Engenharia Civil, Lda. Mittlerweile ist Sohn S\u00e9rgio F\u00fcl\u00f6p, der seit 2007 denselben Beruf wie sein Vater aus\u00fcbt, aus der Schweiz zur\u00fcckgekehrt und dem Unternehmen beigetreten. Tochter Sarah Pomba ist f\u00fcr Buchhaltung und Steuerfragen zust\u00e4ndig. Das Unternehmen wird durch den Architekten Bruno In\u00e1cio unterst\u00fctzt, der sich in den \u00f6rtlichen und nationalen Normen und im Planungsrecht bestens auskennt.<\/p>\n<p>Ein komfortables Leben beginnt in den eigenen vier W\u00e4nden. Um Ihnen in Ihrem Haus eine angenehme und komfortable Umgebung zu erm\u00f6glichen, konzentriert Renobuild seine Aktivit\u00e4ten auf Umbau, Reparatur, Verbesserung und Sanierung von Geb\u00e4uden, insbesondere in den Bereichen W\u00e4rmed\u00e4mmung und Verkleidung von W\u00e4nden, Decken und Fu\u00dfb\u00f6den.<\/p>\n<p>Eine Immobilie ist in der Regel der wertvollste Besitz, den man hat. Aus diesem Grund sollte ihrem Erhalt besonderes Augenmerk gewidmet werden. Wohnkomfort und Energieeinsparung sind das Motto von Renobuild. Ber\u00fccksichtigt man, dass wir \u00fcber 80 Prozent unserer Zeit innerhalb von Geb\u00e4uden verbringen, spielen Architektur- und Ingenieurwesen eine entscheidende Rolle bei der Wohnlichkeit, Funktionalit\u00e4t, Sicherheit, Qualit\u00e4t und dem Komfort von R\u00e4umen. Die Qualit\u00e4t und Optimierung von Projekten sowie die Einhaltung nationaler und europ\u00e4ischer Vorschriften wirken sich direkt auf die Kosten und die Qualit\u00e4tsgarantie eines Geb\u00e4udes sowie auf weitere, f\u00fcr den Komfort und die Wohnlichkeit eines Geb\u00e4udes relevante Faktoren aus. Renobuild bietet verschiedene Dienstleistungen in den Bereichen Architektur- und Bauingenieurwesen an: Projektierung, Legalisierung von Immobilien, Erstellen von Energieausweisen, Betreuung von Bauarbeiten, Beratung und technische Betreuung. F\u00fcr jegliche Fragen und Beratungen steht das Team im Ausstellungsraum des Unternehmens oder vor Ort zur Verf\u00fcgung.<\/p>\n<h3><span style=\"color: #808080;\"><strong>\u21d2\u00a0<span style=\"text-decoration: underline;\"><a style=\"color: #808080; text-decoration: underline;\" href=\"https:\/\/www.homify.fr\/livres_idees\/211474\/7-astuces-pour-donner-plus-de-valeur-a-sa-maison\" target=\"_blank\" rel=\"noopener noreferrer\">7 astuces pour donner plus de valeur \u00e0 sa maison<\/a><\/span> (<\/strong><a style=\"color: #808080;\" href=\"https:\/\/www.homify.fr\/livres_idees\/211474\/7-astuces-pour-donner-plus-de-valeur-a-sa-maison\" target=\"_blank\" rel=\"noopener noreferrer\">https:\/\/www.homify.fr\/livres_idees\/211474\/7-astuces-pour-donner-plus-de-valeur-a-sa-maison<\/a>)<\/span><\/h3>\n<div>\n<p><span style=\"color: #808080;\">&#8222;<em>Vous pensez \u00e0 votre maison sur le long terme et souhaitez lui redonner un coup de jeune pour que sa valeur appr\u00e9cie au fil du temps ? Suivez ces conseils pi\u00e8ce par pi\u00e8ce !<\/em><\/span><\/p>\n<p><span style=\"color: #808080;\"><em>Repeindre la fa\u00e7ade<\/em><\/span><\/p>\n<div><span style=\"color: #808080;\"><em>La peinture d\u2019une fa\u00e7ade n\u2019a pas simplement pour but de prot\u00e9ger la maison. Elle peut aussi la remettre en valeur esth\u00e9tiquement lorsque les bonnes couleurs et finitions sont choisies. Pour vous aider \u00e0 faire un choix et vous donner des id\u00e9es, recherchez des exemples de fa\u00e7ades qui vous plaisent sur le\u00a0<a style=\"color: #808080;\" href=\"https:\/\/www.homify.fr\/espaces\/maisons\">catalogue des espaces<\/a> Homify! En fonction de l\u2019architecture de votre maison, votre choix de couleur diff\u00e9rera : une maison proven\u00e7ale aura l\u2019avantage de pouvoir choisir des teintes plus vives et ensoleill\u00e9es, tandis qu\u2019une maison moderne aura int\u00e9r\u00eat \u00e0 rester dans les tons clairs afin d\u2019apporter \u00e9l\u00e9gance et sobri\u00e9t\u00e9. N\u2019oubliez pas que le toit de votre maison viendra aussi limiter le choix des couleurs : veillez \u00e0 bien assortir vos murs au toit de votre maison. Pour ajouter plus de valeur \u00e0 votre maison, redonnez aussi un coup de jeune aux volets en les repeignant de fa\u00e7on similaire \u00e0 votre int\u00e9rieur afin de cr\u00e9er un \u00e9quilibre int\u00e9rieur\/ext\u00e9rieur.<\/em>&#8222;<\/span><\/div>\n<h3 class=\"ideabook--title idea-book--title\"><span style=\"color: #808080;\"><strong>\u21d2\u00a0<span style=\"text-decoration: underline;\"><a style=\"color: #808080; text-decoration: underline;\" href=\"https:\/\/www.homify.it\/librodelleidee\/225126\/6-trucchi-per-valorizzare-la-propria-casa\" target=\"_blank\" rel=\"noopener noreferrer\">6 trucchi per valorizzare la propria casa<\/a><\/span><\/strong> (<a style=\"color: #808080;\" href=\"https:\/\/www.homify.it\/librodelleidee\/225126\/6-trucchi-per-valorizzare-la-propria-casa\" target=\"_blank\" rel=\"noopener noreferrer\">https:\/\/www.homify.it\/librodelleidee\/225126\/6-trucchi-per-valorizzare-la-propria-casa<\/a>)<\/span><\/h3>\n<p class=\"ideabook--title idea-book--title\"><span style=\"color: #808080;\">&#8222;<em>Se immaginate la vostra casa tra qualche anno e ritenete necessaria una rimodernata generale in modo che l\u2019immobile non perda valore nel tempo, seguite il nostro libro delle idee di oggi! Vi daremo dei consigli preziosi che, se presi in considerazione anche solo come spunto, faranno in modo da farvi sentire in una casa nuova pur senza cambiare indirizzo!! Vediamo di cosa si tratta!<\/em><\/span><\/p>\n<p><span style=\"color: #808080;\"><em>Ridipingere la facciata<\/em><\/span><\/p>\n<div><span style=\"color: #808080;\"><em>\u00a0<\/em><\/span><\/div>\n<p><span style=\"color: #808080;\"><em>Ridipingere la facciata di una casa non funge solo da protezione, ma serve anche a recuperarla esteticamente se vengono effettuate le giuste scelte. Se non sapete da dove cominciare, aiutatevi prendendo spunto dai molteplici esempi che ogni giorno noi di homify proponiamo sul sito! A seconda dell\u2019architettura della casa, le vostre scelte riguarderanno un colore diverso, ad esempio, per una casa provenzale si avr\u00e0 il vantaggio di poter optare per tinte pi\u00f9 vivaci e luminose, mentre per una casa moderna si tender\u00e0 a prendere in considerazione delle tinte pi\u00f9 chiare, per un effetto pi\u00f9 elegante e sobrio. Ricordate che anche il tetto della vostra casa limiter\u00e0 la scelta dei colori. Infine, per un aspetto pi\u00f9 giovanile ed equilibrato, non dimenticate di tingere le persiane dello stesso colore della casa.<\/em>&#8222;<\/span><\/p>\n<p style=\"text-align: center;\"><span style=\"color: #999999;\"><span style=\"text-decoration: underline;\"><strong><a style=\"color: #999999; text-decoration: underline;\" href=\"http:\/\/www.visitalgarve.pt\/?idioma=de\" target=\"_blank\" rel=\"noopener noreferrer\">Algarve<\/a><\/strong><\/span>: Portim\u00e3o \u2022 Lagos \u2022 Lagoa \u2022 Carvoeiro \u2022 Aljezur\u00a0\u2022 Sagres \u2022 Monchique \u2022 Silves \u2022 Albufeira<\/span><\/p>\n<\/div>\n","protected":false},"excerpt":{"rendered":"<p>RenoBuild Algarve \u00a0 RENOBUILD\u00ae ALGARVE RenoBuild mit Sitz in Portim\u00e3o \u2013Algarve verbindet die Berufserfahrung von Heinrich F\u00fcl\u00f6p und S\u00e9rgio F\u00fcl\u00f6p\u00a0. Mit mehr als 35 Jahren Berufserfahrung sowohl in der Schweiz als auch in Portugal haben wir uns auf die Bereiche W\u00e4rmed\u00e4mmung (Vollw\u00e4rmeschutz), Risssanierungen und Abdichtungen; Gipser-\/Verputz-und Malerarbeiten; sowie das Erstellen von exklusiven Wandgestaltungen spezialisiert. Seit [&hellip;]<\/p>\n","protected":false},"author":4,"featured_media":0,"parent":0,"menu_order":2,"comment_status":"open","ping_status":"open","template":"","meta":{"_links_to":"","_links_to_target":""},"_links":{"self":[{"href":"https:\/\/www.renobuild.pt\/de\/wp-json\/wp\/v2\/pages\/83"}],"collection":[{"href":"https:\/\/www.renobuild.pt\/de\/wp-json\/wp\/v2\/pages"}],"about":[{"href":"https:\/\/www.renobuild.pt\/de\/wp-json\/wp\/v2\/types\/page"}],"author":[{"embeddable":true,"href":"https:\/\/www.renobuild.pt\/de\/wp-json\/wp\/v2\/users\/4"}],"replies":[{"embeddable":true,"href":"https:\/\/www.renobuild.pt\/de\/wp-json\/wp\/v2\/comments?post=83"}],"version-history":[{"count":99,"href":"https:\/\/www.renobuild.pt\/de\/wp-json\/wp\/v2\/pages\/83\/revisions"}],"predecessor-version":[{"id":2784,"href":"https:\/\/www.renobuild.pt\/de\/wp-json\/wp\/v2\/pages\/83\/revisions\/2784"}],"wp:attachment":[{"href":"https:\/\/www.renobuild.pt\/de\/wp-json\/wp\/v2\/media?parent=83"}],"curies":[{"name":"wp","href":"https:\/\/api.w.org\/{rel}","templated":true}]}}