{"id":121,"date":"2014-11-09T23:50:56","date_gmt":"2014-11-09T23:50:56","guid":{"rendered":"http:\/\/www.renobuild.pt\/\/?page_id=121"},"modified":"2017-12-03T23:17:46","modified_gmt":"2017-12-03T23:17:46","slug":"property-maintenance-algarve","status":"publish","type":"page","link":"https:\/\/www.renobuild.pt\/en\/services\/property-maintenance-algarve\/","title":{"rendered":"Property Maintenance and Other Services"},"content":{"rendered":"<p style=\"text-align: center;\"><span style=\"color: #999999;\">Property Maintenance and Other Services | RenoBuild Algarve<\/span><\/p>\n<p><img loading=\"lazy\" class=\"alignnone\" src=\"https:\/\/www.renobuild.pt\/\/wp-content\/themes\/renobuild\/images\/outros-servicos.jpg\" alt=\"property maintenance and Repairs in Algarve, Portim\u00e3o, Lagos, Lagoa, Carvoeiro, Aljezur, Sagres, Monchique, Silves, Albufeira\" width=\"290\" height=\"340\" \/> <img loading=\"lazy\" class=\"alignnone\" src=\"https:\/\/www.renobuild.pt\/\/wp-content\/themes\/renobuild\/images\/outros-servicos-1.jpg\" alt=\"Property Maintenance and Repairs in Algarve, Portim\u00e3o, Lagos, Lagoa, Carvoeiro, Aljezur, Sagres, Monchique, Silves, Albufeira\" width=\"290\" height=\"340\" \/> <img loading=\"lazy\" class=\"alignnone\" src=\"https:\/\/www.renobuild.pt\/\/wp-content\/themes\/renobuild\/images\/outros-servicos-2.jpg\" alt=\"Cleaning exterior walls, roofs and pavements with high pressure water in Algarve, Portim\u00e3o, Lagos, Lagoa, Carvoeiro, Aljezur, Sagres, Monchique, Silves, Albufeira\" width=\"290\" height=\"340\" \/><\/p>\n<h2><strong>PROPERTY\u00a0MAINTENANCE AND OTHER SERVICES<\/strong><\/h2>\n<h3><span style=\"color: #800000;\"><strong>PROPERTY MAINTENANCE SERVICES<\/strong><\/span><\/h3>\n<p>A building is, in most cases, the most valuable asset we own, thus its preservation must by an especially important concern.<\/p>\n<p><strong>Durability<\/strong> means the ability of the elements of a building to resist degradation and carry on meeting the functional requirements for which they were planned, when exposed to normal use conditions. The high durability of a building is not an own characteristic of the building or of any of its elements. It depends on the conditions that the building is subject to when in service.<\/p>\n<p><strong>The lack of maintenance operations of buildings has led to accelerated degradation<\/strong>, both physical and functional, of spaces, with negative effects on comfort and wholesomeness of buildings, leading to a devaluation thereof.<\/p>\n<p>Maintenance works are aimed at correcting small defects, arising from use or wear and tear of materials, building components and building processes. These are interventions with moderate costs that increase the useful life of buildings, preventing phenomena of degradation that may generate much higher repair costs in the future.<\/p>\n<p>RenoBuild gives special importance to the durability of buildings, providing the following maintenance services:<\/p>\n<ul>\n<li>Cleaning exterior walls, roofs and pavements with high pressure water;<\/li>\n<li>Repairing cracks and other anomalies;<\/li>\n<li>Facades &#8211; Maintenance and inspection (existence of cracking, integrity of coatings);<\/li>\n<li>Maintenance and repair of the External Thermal Insulation Composite System (ETICS).<\/li>\n<li>Cleaning and treating moulds, algae and fungi, fungus;<\/li>\n<li>Repairs.<\/li>\n<\/ul>\n<p>&nbsp;<\/p>\n<h3><span style=\"color: #800000;\"><strong>OTHER SERVICES<\/strong><\/span><\/h3>\n<p>RenoBuild provides yet other services concerning your building, notably:<\/p>\n<ul>\n<li>Property Maintenance and Management;<\/li>\n<li>Follow-up and Resolution of bureaucratic aspects concerning the buildings (Taxes, IMI taxes Re-evaluation, Rental Licence, Registration of Local Accommodation, etc.);<\/li>\n<li>Property Valuation<\/li>\n<\/ul>\n<p>&nbsp;<\/p>\n<hr \/>\n<p>&nbsp;<\/p>\n<h3><span style=\"color: #808080;\">Articles about\u00a0RenoBuild<\/span><\/h3>\n<p><span style=\"color: #808080;\"><strong>\u21d2\u00a0<span style=\"text-decoration: underline;\"><a style=\"color: #808080; text-decoration: underline;\" href=\"https:\/\/www.homify.fr\/livres_idees\/211474\/7-astuces-pour-donner-plus-de-valeur-a-sa-maison\" target=\"_blank\" rel=\"noopener\">7 astuces pour donner plus de valeur \u00e0 sa maison<\/a><\/span> (<\/strong><a style=\"color: #808080;\" href=\"https:\/\/www.homify.fr\/livres_idees\/211474\/7-astuces-pour-donner-plus-de-valeur-a-sa-maison\" target=\"_blank\" rel=\"noopener\"><span style=\"color: #808080;\">https:<\/span>\/\/www.homify.fr\/livres_idees\/211474\/7-astuces-pour-donner-plus-de-valeur-a-sa-maison<\/a>)<\/span><\/p>\n<div>\n<p><span style=\"color: #808080;\">&#8220;<em>Vous pensez \u00e0 votre maison sur le long terme et souhaitez lui redonner un coup de jeune pour que sa valeur appr\u00e9cie au fil du temps ? Suivez ces conseils pi\u00e8ce par pi\u00e8ce !<\/em><\/span><\/p>\n<p><em><span style=\"color: #808080;\">Repeindre la fa\u00e7ade<\/span><\/em><\/p>\n<div><span style=\"color: #808080;\"><em>La peinture d\u2019une fa\u00e7ade n\u2019a pas simplement pour but de prot\u00e9ger la maison. Elle peut aussi la remettre en valeur esth\u00e9tiquement lorsque les bonnes couleurs et finitions sont choisies. Pour vous aider \u00e0 faire un choix et vous donner des id\u00e9es, recherchez des exemples de fa\u00e7ades qui vous plaisent sur le\u00a0<a style=\"color: #808080;\" href=\"https:\/\/www.homify.fr\/espaces\/maisons\">catalogue des espaces<\/a> Homify! En fonction de l\u2019architecture de votre maison, votre choix de couleur diff\u00e9rera : une maison proven\u00e7ale aura l\u2019avantage de pouvoir choisir des teintes plus vives et ensoleill\u00e9es, tandis qu\u2019une maison moderne aura int\u00e9r\u00eat \u00e0 rester dans les tons clairs afin d\u2019apporter \u00e9l\u00e9gance et sobri\u00e9t\u00e9. N\u2019oubliez pas que le toit de votre maison viendra aussi limiter le choix des couleurs : veillez \u00e0 bien assortir vos murs au toit de votre maison. Pour ajouter plus de valeur \u00e0 votre maison, redonnez aussi un coup de jeune aux volets en les repeignant de fa\u00e7on similaire \u00e0 votre int\u00e9rieur afin de cr\u00e9er un \u00e9quilibre int\u00e9rieur\/ext\u00e9rieur.<\/em>&#8220;<\/span><\/div>\n<p>&nbsp;<\/p>\n<p class=\"ideabook--title idea-book--title\"><span style=\"color: #808080;\"><strong>\u21d2\u00a0<span style=\"text-decoration: underline;\"><a style=\"color: #808080; text-decoration: underline;\" href=\"https:\/\/www.homify.it\/librodelleidee\/225126\/6-trucchi-per-valorizzare-la-propria-casa\" target=\"_blank\" rel=\"noopener\">6 trucchi per valorizzare la propria casa<\/a><\/span><\/strong> (<a style=\"color: #808080;\" href=\"https:\/\/www.homify.it\/librodelleidee\/225126\/6-trucchi-per-valorizzare-la-propria-casa\" target=\"_blank\" rel=\"noopener\">https:\/\/www.homify.it\/librodelleidee\/225126\/6-trucchi-per-valorizzare-la-propria-casa<\/a>)<\/span><\/p>\n<p class=\"ideabook--title idea-book--title\"><span style=\"color: #808080;\">&#8220;<em>Se immaginate la vostra casa tra qualche anno e ritenete necessaria una rimodernata generale in modo che l\u2019immobile non perda valore nel tempo, seguite il nostro libro delle idee di oggi! Vi daremo dei consigli preziosi che, se presi in considerazione anche solo come spunto, faranno in modo da farvi sentire in una casa nuova pur senza cambiare indirizzo!! Vediamo di cosa si tratta!<\/em><\/span><\/p>\n<p><em><span style=\"color: #808080;\">Ridipingere la facciata<\/span><\/em><br \/>\n<em> <span style=\"color: #808080;\">\u00a0<\/span><\/em><br \/>\n<span style=\"color: #808080;\"><em>Ridipingere la facciata di una casa non funge solo da protezione, ma serve anche a recuperarla esteticamente se vengono effettuate le giuste scelte. Se non sapete da dove cominciare, aiutatevi prendendo spunto dai molteplici esempi che ogni giorno noi di homify proponiamo sul sito! A seconda dell\u2019architettura della casa, le vostre scelte riguarderanno un colore diverso, ad esempio, per una casa provenzale si avr\u00e0 il vantaggio di poter optare per tinte pi\u00f9 vivaci e luminose, mentre per una casa moderna si tender\u00e0 a prendere in considerazione delle tinte pi\u00f9 chiare, per un effetto pi\u00f9 elegante e sobrio. Ricordate che anche il tetto della vostra casa limiter\u00e0 la scelta dei colori. Infine, per un aspetto pi\u00f9 giovanile ed equilibrato, non dimenticate di tingere le persiane dello stesso colore della casa.<\/em>&#8220;<\/span><\/p>\n<\/div>\n<p>&nbsp;<\/p>\n<p style=\"text-align: center;\"><span style=\"color: #999999;\">Property Maintenance and Other Services | RenoBuild Algarve<\/span><\/p>\n<div>\n<p style=\"text-align: center;\"><span style=\"color: #999999;\"><span style=\"text-decoration: underline;\"><strong><a style=\"color: #999999; text-decoration: underline;\" href=\"http:\/\/www.visitalgarve.pt\/?idioma=uk\" target=\"_blank\" rel=\"noopener\">Algarve<\/a><\/strong><\/span>: Portim\u00e3o \u2022 Lagos \u2022 Lagoa \u2022 Carvoeiro \u2022 Aljezur\u00a0\u2022 Sagres \u2022 Monchique \u2022 Silves \u2022 Albufeira<\/span><\/p>\n<\/div>\n","protected":false},"excerpt":{"rendered":"<p>Property Maintenance and Other Services | RenoBuild Algarve PROPERTY\u00a0MAINTENANCE AND OTHER SERVICES PROPERTY MAINTENANCE SERVICES A building is, in most cases, the most valuable asset we own, thus its preservation must by an especially important concern. Durability means the ability of the elements of a building to resist degradation and carry on meeting the functional [&hellip;]<\/p>\n","protected":false},"author":4,"featured_media":0,"parent":162,"menu_order":12,"comment_status":"open","ping_status":"open","template":"services-template.php","meta":{"_links_to":"","_links_to_target":""},"_links":{"self":[{"href":"https:\/\/www.renobuild.pt\/en\/wp-json\/wp\/v2\/pages\/121"}],"collection":[{"href":"https:\/\/www.renobuild.pt\/en\/wp-json\/wp\/v2\/pages"}],"about":[{"href":"https:\/\/www.renobuild.pt\/en\/wp-json\/wp\/v2\/types\/page"}],"author":[{"embeddable":true,"href":"https:\/\/www.renobuild.pt\/en\/wp-json\/wp\/v2\/users\/4"}],"replies":[{"embeddable":true,"href":"https:\/\/www.renobuild.pt\/en\/wp-json\/wp\/v2\/comments?post=121"}],"version-history":[{"count":21,"href":"https:\/\/www.renobuild.pt\/en\/wp-json\/wp\/v2\/pages\/121\/revisions"}],"predecessor-version":[{"id":2585,"href":"https:\/\/www.renobuild.pt\/en\/wp-json\/wp\/v2\/pages\/121\/revisions\/2585"}],"up":[{"embeddable":true,"href":"https:\/\/www.renobuild.pt\/en\/wp-json\/wp\/v2\/pages\/162"}],"wp:attachment":[{"href":"https:\/\/www.renobuild.pt\/en\/wp-json\/wp\/v2\/media?parent=121"}],"curies":[{"name":"wp","href":"https:\/\/api.w.org\/{rel}","templated":true}]}}