{"id":1778,"date":"2016-02-22T13:15:35","date_gmt":"2016-02-22T13:15:35","guid":{"rendered":"http:\/\/www.renobuild.pt\/?page_id=1778"},"modified":"2016-07-04T22:37:45","modified_gmt":"2016-07-04T22:37:45","slug":"peinture-batiment-algarve","status":"publish","type":"page","link":"https:\/\/www.renobuild.pt\/fr\/services\/peinture-batiment-algarve\/","title":{"rendered":"Peinture"},"content":{"rendered":"<p style=\"text-align: center;\"><span style=\"color: #999999;\">Peinture en B\u00e2timent | RenoBuild Algarve<\/span><\/p>\n<p style=\"text-align: left;\"><img loading=\"lazy\" class=\"alignnone\" src=\"https:\/\/www.renobuild.pt\/\/wp-content\/themes\/renobuild\/images\/pintura.jpg\" alt=\"Peinture en b\u00e2timent dans la r\u00e9gion de l\u2019Algarve, Portim\u00e3o, Lagos, Lagoa, Carvoeiro, Aljezur, Sagres, Monchique, Silves, Albufeira\" width=\"290\" height=\"340\" \/> <img loading=\"lazy\" class=\"alignnone\" src=\"https:\/\/www.renobuild.pt\/\/wp-content\/themes\/renobuild\/images\/pintura-1.jpg\" alt=\"Peintre en b\u00e2timents dans l'Algarve, Portim\u00e3o, Lagos, Lagoa, Carvoeiro, Aljezur, Sagres, Monchique, Silves, Albufeira\" width=\"290\" height=\"340\" \/> <img loading=\"lazy\" class=\"alignnone\" src=\"https:\/\/www.renobuild.pt\/\/wp-content\/themes\/renobuild\/images\/pintura-2.jpg\" alt=\"Peinture ext\u00e9rieur et int\u00e9rieur, Decoration maison peinture dans l'Algarve, Portim\u00e3o, Lagos, Lagoa, Carvoeiro, Aljezur, Sagres, Monchique, Silves, Albufeira\" width=\"290\" height=\"340\" \/><\/p>\n<h2 class=\"FP-Texto\"><span style=\"font-variant: small-caps;\">Peinture en B\u00e2timent<\/span><\/h2>\n<p>Dans le domaine du b\u00e2timent, la diversit\u00e9 des surfaces qui peuvent \u00eatre peintes ou vernes est grande : les <strong>enduits et stucs<\/strong>, le <strong>bois<\/strong> et ses d\u00e9riv\u00e9s, le <strong>b\u00e9ton<\/strong>, les <strong>m\u00e9taux<\/strong> ferreux et non ferreux ; les <strong>plastiques<\/strong> et les mat\u00e9riaux bitumineux. Chacune de ces surfaces pr\u00e9sente des caract\u00e9ristiques chimiques et physiques vari\u00e9es et diff\u00e9rents m\u00e9canismes de d\u00e9gradation, induits par plusieurs facteurs qui conditionnent la s\u00e9lection du type de produit \u00e0 appliquer.<\/p>\n<p>&nbsp;<\/p>\n<h3><strong>FONCTION DU REV\u00caTEMENT<\/strong><\/h3>\n<p>Peindre, ce n\u2019est pas uniquement donner de la couleur \u00e0 une surface. La pose d\u2019un <strong>sch\u00e9ma de peinture<\/strong> ou d\u2019un vernissage sur une surface d\u00e9termin\u00e9e a pour principaux objectifs:<\/p>\n<ul>\n<li><strong>D\u00e9coration<\/strong>: lorsque l\u2019on souhaite modifier l\u2019aspect visuel d\u2019une surface, rendant les environnements plus agr\u00e9ables et attractifs ;<\/li>\n<li><strong>Protection<\/strong>: une surface peinte, quand elle est en bon \u00e9tat, augmente la durabilit\u00e9 de la maison et contribue \u00e0 la r\u00e9duction des co\u00fbts de r\u00e9paration et de maintenance. Un sch\u00e9ma ad\u00e9quat prot\u00e9gera le support, d\u2019une mani\u00e8re efficace et durable, contre les diff\u00e9rents types d\u2019attaques auquel il est expos\u00e9 (pluie, soleil, humidit\u00e9, vapeur d\u2019eau, sels marins dans les zones c\u00f4ti\u00e8res, agents atmosph\u00e9riques corrosifs, etc.) ;<\/li>\n<li><strong>Am\u00e9lioration des conditions de l\u2019environnement<\/strong>: gr\u00e2ce \u00e0 un choix ad\u00e9quat de la peinture, vous pouvez obtenir une am\u00e9lioration au niveau de l\u2019hygi\u00e8ne et de la salubrit\u00e9 de l\u2019environnement, ainsi que des conditions d\u2019\u00e9clairage.<\/li>\n<li><strong>Autres fonctions<\/strong>: dans de nombreuses situations, on souhaite que le rev\u00eatement par peinture en plus d\u2019avoir des fonctions de d\u00e9coration et de prot\u00e9ger le support, emp\u00eache par exemple le d\u00e9veloppement de micro-organismes ou qu\u2019il poss\u00e8de des caract\u00e9ristiques sp\u00e9ciales de r\u00e9sistance m\u00e9canique ou chimique.<\/li>\n<\/ul>\n<p>&nbsp;<\/p>\n<h3><strong>R\u00c9NOVATION DE SURFACES<\/strong><\/h3>\n<p>Le comportement du rev\u00eatement par peinture et son efficacit\u00e9 ne d\u00e9pendent pas uniquement du choix de la peinture, mais \u00e9galement du <strong>mode d\u2019application et de la qualit\u00e9 des surfaces \u00e0 couvrir<\/strong>, lesquelles doivent convenablement \u00eatre pr\u00e9par\u00e9es avant de recevoir le sch\u00e9ma de peinture.<\/p>\n<p>Dans certains cas, nous pourrons traiter le support existant gr\u00e2ce \u00e0 un traitement pr\u00e9alable des fissures et en utilisant un sch\u00e9ma de peinture avec des peintures sp\u00e9cifiques. Dans les cas o\u00f9 cela est impossible, il faudra avoir recours \u00e0 des <u>syst\u00e8mes de r\u00e9paration de fissures<\/u> ou \u00e0 des <u>syst\u00e8mes d\u2019isolation thermique<\/u>.<\/p>\n<p><img loading=\"lazy\" class=\"alignnone wp-image-1379\" src=\"https:\/\/www.renobuild.pt\/wp-content\/uploads\/2014\/10\/104_2013-07-11_116-1024x179.jpg\" alt=\"Peinture en b\u00e2timent dans la r\u00e9gion de l\u2019Algarve, Portim\u00e3o, Lagos, Lagoa, Carvoeiro, Aljezur, Sagres, Monchique, Silves, Albufeira\" width=\"910\" height=\"159\" srcset=\"https:\/\/www.renobuild.pt\/wp-content\/uploads\/2014\/10\/104_2013-07-11_116-1024x179.jpg 1024w, https:\/\/www.renobuild.pt\/wp-content\/uploads\/2014\/10\/104_2013-07-11_116-300x53.jpg 300w, https:\/\/www.renobuild.pt\/wp-content\/uploads\/2014\/10\/104_2013-07-11_116-768x134.jpg 768w\" sizes=\"(max-width: 910px) 100vw, 910px\" \/><\/p>\n<h3><span style=\"color: #800000;\"><strong>SERVICES FOURNIS<\/strong><\/span><\/h3>\n<p>RenoBuild vous propose les services suivants :<\/p>\n<ul>\n<li><strong>Nettoyage des surfaces ext\u00e9rieures<\/strong> au jet d\u2019eau sous pression (<strong>fa\u00e7ades, toitures<\/strong>);<\/li>\n<li><strong>R\u00e9paration des fissures<\/strong> et autres anomalies dans les enduits;<\/li>\n<li><strong>Traitement des surfaces avec des moisissures<\/strong>;<\/li>\n<li>Peinture de <strong>murs ext\u00e9rieurs et int\u00e9rieurs<\/strong>;<\/li>\n<li>\u00c9l\u00e9ments en <strong>bois<\/strong>: traitement, vernissage et peinture;<\/li>\n<li>\u00c9l\u00e9ments <strong>m\u00e9talliques<\/strong>: traitement de la rouille et peinture;<\/li>\n<li><strong>Toits<\/strong>: traitement pr\u00e9ventif d\u2019apparition de micro-organismes (algues, champignons, moisissures, etc.), imperm\u00e9abilisation et peinture.<\/li>\n<\/ul>\n<p>Avec son \u00e9quipe exp\u00e9riment\u00e9e, RenoBuild s\u00e9lectionne la <strong>peinture et les primaires les plus ad\u00e9quats<\/strong> \u00e0 chaque cas, en vous donnant la possibilit\u00e9 de choisir parmi une <strong>vaste gamme de couleurs<\/strong>.<\/p>\n<p>&nbsp;<\/p>\n<hr \/>\n<p>&nbsp;<\/p>\n<h3><span style=\"color: #808080;\">Articles sur RenoBuild<\/span><\/h3>\n<p><span style=\"color: #808080;\"><strong>\u21d2\u00a0<span style=\"text-decoration: underline;\"><a style=\"color: #808080; text-decoration: underline;\" href=\"https:\/\/www.homify.fr\/livres_idees\/211474\/7-astuces-pour-donner-plus-de-valeur-a-sa-maison\" target=\"_blank\">7 astuces pour donner plus de valeur \u00e0 sa maison<\/a><\/span> (<\/strong><a style=\"color: #808080;\" href=\"https:\/\/www.homify.fr\/livres_idees\/211474\/7-astuces-pour-donner-plus-de-valeur-a-sa-maison\" target=\"_blank\">https:\/\/www.homify.fr\/livres_idees\/211474\/7-astuces-pour-donner-plus-de-valeur-a-sa-maison<\/a>)<\/span><\/p>\n<div>\n<p><span style=\"color: #808080;\">\u00ab\u00a0Vous pensez \u00e0 votre maison sur le long terme et souhaitez lui redonner un coup de jeune pour que sa valeur appr\u00e9cie au fil du temps ? Suivez ces conseils pi\u00e8ce par pi\u00e8ce ! Repeindre la fa\u00e7ade<\/span><\/p>\n<div><span style=\"color: #808080;\"><em>La peinture d\u2019une fa\u00e7ade n\u2019a pas simplement pour but de prot\u00e9ger la maison. Elle peut aussi la remettre en valeur esth\u00e9tiquement lorsque les bonnes couleurs et finitions sont choisies. Pour vous aider \u00e0 faire un choix et vous donner des id\u00e9es, recherchez des exemples de fa\u00e7ades qui vous plaisent sur le\u00a0<a style=\"color: #808080;\" href=\"https:\/\/www.homify.fr\/espaces\/maisons\">catalogue des espaces<\/a> Homify! En fonction de l\u2019architecture de votre maison, votre choix de couleur diff\u00e9rera : une maison proven\u00e7ale aura l\u2019avantage de pouvoir choisir des teintes plus vives et ensoleill\u00e9es, tandis qu\u2019une maison moderne aura int\u00e9r\u00eat \u00e0 rester dans les tons clairs afin d\u2019apporter \u00e9l\u00e9gance et sobri\u00e9t\u00e9. N\u2019oubliez pas que le toit de votre maison viendra aussi limiter le choix des couleurs : veillez \u00e0 bien assortir vos murs au toit de votre maison. Pour ajouter plus de valeur \u00e0 votre maison, redonnez aussi un coup de jeune aux volets en les repeignant de fa\u00e7on similaire \u00e0 votre int\u00e9rieur afin de cr\u00e9er un \u00e9quilibre int\u00e9rieur\/ext\u00e9rieur.<\/em>\u00ab\u00a0<\/span><\/div>\n<p>&nbsp;<\/p>\n<p class=\"ideabook--title idea-book--title\"><span style=\"color: #808080;\"><strong>\u21d2\u00a0<span style=\"text-decoration: underline;\"><a style=\"color: #808080; text-decoration: underline;\" href=\"https:\/\/www.homify.it\/librodelleidee\/225126\/6-trucchi-per-valorizzare-la-propria-casa\" target=\"_blank\">6 trucchi per valorizzare la propria casa<\/a><\/span><\/strong> (<a style=\"color: #808080;\" href=\"https:\/\/www.homify.it\/librodelleidee\/225126\/6-trucchi-per-valorizzare-la-propria-casa\" target=\"_blank\">https:\/\/www.homify.it\/librodelleidee\/225126\/6-trucchi-per-valorizzare-la-propria-casa<\/a>)<\/span><\/p>\n<p class=\"ideabook--title idea-book--title\"><span style=\"color: #808080;\">\u00ab\u00a0Se immaginate la vostra casa tra qualche anno e ritenete necessaria una rimodernata generale in modo che l\u2019immobile non perda valore nel tempo, seguite il nostro libro delle idee di oggi! Vi daremo dei consigli preziosi che, se presi in considerazione anche solo come spunto, faranno in modo da farvi sentire in una casa nuova pur senza cambiare indirizzo!! Vediamo di cosa si tratta!<\/span><\/p>\n<p><span style=\"color: #808080;\">Ridipingere la facciata<\/span><\/p>\n<div><span style=\"color: #808080;\">Ridipingere la facciata di una casa non funge solo da protezione, ma serve anche a recuperarla esteticamente se vengono effettuate le giuste scelte. Se non sapete da dove cominciare, aiutatevi prendendo spunto dai molteplici esempi che ogni giorno noi di homify proponiamo sul sito! A seconda dell\u2019architettura della casa, le vostre scelte riguarderanno un colore diverso, ad esempio, per una casa provenzale si avr\u00e0 il vantaggio di poter optare per tinte pi\u00f9 vivaci e luminose, mentre per una casa moderna si tender\u00e0 a prendere in considerazione delle tinte pi\u00f9 chiare, per un effetto pi\u00f9 elegante e sobrio. Ricordate che anche il tetto della vostra casa limiter\u00e0 la scelta dei colori. Infine, per un aspetto pi\u00f9 giovanile ed equilibrato, non dimenticate di tingere le persiane dello stesso colore della casa.\u00a0\u00bb<\/span><\/div>\n<\/div>\n<p>&nbsp;<\/p>\n<p style=\"text-align: center;\"><span style=\"color: #999999;\">Peinture en B\u00e2timent | RenoBuild Algarve<\/span><\/p>\n<div>\n<p style=\"text-align: center;\"><span style=\"color: #999999;\"><span style=\"text-decoration: underline;\"><strong><a style=\"color: #999999; text-decoration: underline;\" href=\"http:\/\/www.visitalgarve.pt\/?idioma=fr\" target=\"_blank\">Algarve<\/a><\/strong><\/span>: Portim\u00e3o \u2022 Lagos \u2022 Lagoa \u2022 Carvoeiro \u2022 Aljezur\u00a0\u2022 Sagres \u2022 Monchique \u2022 Silves \u2022 Albufeira<\/span><\/p>\n<\/div>\n","protected":false},"excerpt":{"rendered":"<p>Peinture en B\u00e2timent | RenoBuild Algarve Peinture en B\u00e2timent Dans le domaine du b\u00e2timent, la diversit\u00e9 des surfaces qui peuvent \u00eatre peintes ou vernes est grande : les enduits et stucs, le bois et ses d\u00e9riv\u00e9s, le b\u00e9ton, les m\u00e9taux ferreux et non ferreux ; les plastiques et les mat\u00e9riaux bitumineux. Chacune de ces surfaces [&hellip;]<\/p>\n","protected":false},"author":4,"featured_media":0,"parent":1766,"menu_order":6,"comment_status":"open","ping_status":"open","template":"services-template.php","meta":{"_links_to":"","_links_to_target":""},"_links":{"self":[{"href":"https:\/\/www.renobuild.pt\/fr\/wp-json\/wp\/v2\/pages\/1778"}],"collection":[{"href":"https:\/\/www.renobuild.pt\/fr\/wp-json\/wp\/v2\/pages"}],"about":[{"href":"https:\/\/www.renobuild.pt\/fr\/wp-json\/wp\/v2\/types\/page"}],"author":[{"embeddable":true,"href":"https:\/\/www.renobuild.pt\/fr\/wp-json\/wp\/v2\/users\/4"}],"replies":[{"embeddable":true,"href":"https:\/\/www.renobuild.pt\/fr\/wp-json\/wp\/v2\/comments?post=1778"}],"version-history":[{"count":16,"href":"https:\/\/www.renobuild.pt\/fr\/wp-json\/wp\/v2\/pages\/1778\/revisions"}],"predecessor-version":[{"id":2368,"href":"https:\/\/www.renobuild.pt\/fr\/wp-json\/wp\/v2\/pages\/1778\/revisions\/2368"}],"up":[{"embeddable":true,"href":"https:\/\/www.renobuild.pt\/fr\/wp-json\/wp\/v2\/pages\/1766"}],"wp:attachment":[{"href":"https:\/\/www.renobuild.pt\/fr\/wp-json\/wp\/v2\/media?parent=1778"}],"curies":[{"name":"wp","href":"https:\/\/api.w.org\/{rel}","templated":true}]}}