{"id":1872,"date":"2016-03-04T14:29:55","date_gmt":"2016-03-04T14:29:55","guid":{"rendered":"http:\/\/www.renobuild.pt\/?page_id=1872"},"modified":"2016-07-04T22:59:03","modified_gmt":"2016-07-04T22:59:03","slug":"traitement-humidite-maison-algarve","status":"publish","type":"page","link":"https:\/\/www.renobuild.pt\/fr\/services\/traitement-humidite-maison-algarve\/","title":{"rendered":"Traitement de l&rsquo;Humidit\u00e9"},"content":{"rendered":"<p style=\"text-align: center;\"><span style=\"color: #999999;\">Traitement de l&rsquo;Humidit\u00e9 dans la Maison | RenoBuild Algarve<\/span><\/p>\n<p><img loading=\"lazy\" class=\"alignnone wp-image-632\" src=\"https:\/\/www.renobuild.pt\/wp-content\/uploads\/2014\/10\/02_290x340-256x300.jpg\" alt=\"Suppression des probl\u00e8mes d\u2019humidit\u00e9 dans la maison, moisissures et champignons, Algarve, Portim\u00e3o, Lagos, Lagoa, Carvoeiro, Aljezur, Sagres, Monchique, Silves, Albufeira\" width=\"290\" height=\"340\" srcset=\"https:\/\/www.renobuild.pt\/wp-content\/uploads\/2014\/10\/02_290x340-256x300.jpg 256w, https:\/\/www.renobuild.pt\/wp-content\/uploads\/2014\/10\/02_290x340.jpg 290w\" sizes=\"(max-width: 290px) 100vw, 290px\" \/>\u00a0<img loading=\"lazy\" class=\"alignnone wp-image-638\" src=\"https:\/\/www.renobuild.pt\/wp-content\/uploads\/2014\/10\/01_290x340-256x300.jpg\" alt=\"L\u2019humidit\u00e9 par remont\u00e9es capillaires, Salp\u00eatre. Solutions contre l'humidit\u00e9 du b\u00e2timent. Algarve, Portim\u00e3o, Lagos, Lagoa, Carvoeiro, Aljezur, Sagres, Monchique, Silves, Albufeira\" width=\"290\" height=\"340\" srcset=\"https:\/\/www.renobuild.pt\/wp-content\/uploads\/2014\/10\/01_290x340-256x300.jpg 256w, https:\/\/www.renobuild.pt\/wp-content\/uploads\/2014\/10\/01_290x340.jpg 290w\" sizes=\"(max-width: 290px) 100vw, 290px\" \/>\u00a0<img loading=\"lazy\" class=\"alignnone\" src=\"https:\/\/www.renobuild.pt\/\/wp-content\/themes\/renobuild\/images\/humidade.jpg\" alt=\"L\u2019humidit\u00e9 par remont\u00e9es capillaires, Salp\u00eatre. Solutions contre l'humidit\u00e9 du b\u00e2timent. Algarve, Portim\u00e3o, Lagos, Lagoa, Carvoeiro, Aljezur, Sagres, Monchique, Silves, Albufeira\" width=\"290\" height=\"340\" \/><\/p>\n<h2><span style=\"font-variant: small-caps;\">Traitement de l&rsquo;Humidit\u00e9<\/span><\/h2>\n<p>L\u2019action de l\u2019eau sous la forme d\u2019<strong>humidit\u00e9<\/strong>, \u00e0 l\u2019<strong>int\u00e9rieur des murs<\/strong>, est responsable de l\u2019apparition d\u2019une \u00e9norme vari\u00e9t\u00e9 d\u2019anomalies, avec la <strong>d\u00e9gradation<\/strong> cons\u00e9quente <strong>des b\u00e2timents<\/strong> (rev\u00eatements, enduits et peinture). Les principales origines de l\u2019apparition d\u2019humidit\u00e9 sur les murs sont essentiellement dues \u00e0 des <strong>erreurs de conception et de construction<\/strong> du b\u00e2timent, ainsi qu\u2019\u00e0 leur <strong>faible maintenance<\/strong>. L\u2019exc\u00e8s d\u2019humidit\u00e9 cr\u00e9\u00e9 des conditions pour le d\u00e9veloppement de <strong>bact\u00e9ries<\/strong> qui sont pr\u00e9judiciables \u00e0 la sant\u00e9 des occupants (champignons, moisissures, etc.)<\/p>\n<p>La d\u00e9t\u00e9rioration d\u2019un b\u00e2timent vient de la combinaison de plusieurs facteurs, parmi lesquels en particulier: le vieillissement du b\u00e2timent et des mat\u00e9riaux; les interventions r\u00e9alis\u00e9es au cours de la vie du b\u00e2timent; les actions environnementales et les ph\u00e9nom\u00e8nes naturels (par exemple: s\u00e9isme). L\u2019inexistence d\u2019un plan de maintenance, alli\u00e9 aux facteurs pr\u00e9sent\u00e9s ci-dessus, contribue de mani\u00e8re d\u00e9cisive \u00e0 la d\u00e9t\u00e9rioration d\u2019un b\u00e2timent. De fait, les travaux de maintenance, qui sont normalement r\u00e9alis\u00e9s en peu de temps et avec peu de ressources, \u00e9vitent le d\u00e9veloppement de pathologies qui, \u00e0 long terme, pourront se r\u00e9percuter sur des interventions profondes et dispendieuses.<\/p>\n<p>&nbsp;<\/p>\n<h3><strong>Types d\u2019Humidit\u00e9<\/strong><\/h3>\n<p>L\u2019 Humidit\u00e9 peut se manifester sous diff\u00e9rentes formes, parmi lesquelles en particulier:<\/p>\n<ul>\n<li><strong>L\u2019Humidit\u00e9 de la Construction<\/strong>: r\u00e9sultant du besoin d\u2019utiliser de l\u2019eau dans la production de certains mat\u00e9riaux de construction (par exemple: b\u00e9tons et mortiers de rev\u00eatement et pose);<\/li>\n<li><strong>L\u2019Humidit\u00e9 due \u00e0 l\u2019Infiltration<\/strong>: elle est g\u00e9r\u00e9e par la pr\u00e9cipitation atmosph\u00e9rique, en particulier quand elle est accompagn\u00e9e de vent. Une d\u00e9faillance ponctuelle sur une terrasse ou un mur (fentes) est suffisante pour la manifestation de ce type d\u2019humidit\u00e9;<\/li>\n<li><strong>L\u2019Humidit\u00e9 de Condensation<\/strong>: elle est d\u00e9termin\u00e9e par les ph\u00e9nom\u00e8nes de condensation superficiels et souterrains li\u00e9s \u00e0 la pr\u00e9sence de surfaces froides et \u00e0 la diffusion de la vapeur par le mur. Dans les zones o\u00f9 la temp\u00e9rature superficielle est plus basse (ponts thermiques, vitr\u00e9s, etc.) ainsi que dans des locaux peu ventil\u00e9s et ayant une circulation d\u2019air limit\u00e9e (armoires, coins des divisions, etc.), la vapeur d\u2019eau pourra condenser. L\u2019occurrence de condensations d\u00e9pend des conditions d\u2019utilisation des espaces, de la ventilation des compartiments, des caract\u00e9ristiques d\u2019isolation thermique de l\u2019environnement, de l\u2019existence de ponts thermiques et de la temp\u00e9rature environnante int\u00e9rieure;<\/li>\n<li><strong>L\u2019Humidit\u00e9 par remont\u00e9es Capillaires \/ Salp\u00eatre<\/strong>: l\u2019ascension capillaire est un ph\u00e9nom\u00e8ne naturel et tr\u00e8s fr\u00e9quent sur les murs des maisons. En raison de l\u2019\u00e9tanch\u00e9it\u00e9 d\u00e9faillante des sols et des murs et de la porosit\u00e9 que les mat\u00e9riaux pr\u00e9sentent en g\u00e9n\u00e9ral, l\u2019humidit\u00e9 existant sur le sol remonte par le mur en raison du ph\u00e9nom\u00e8ne de capillarit\u00e9, finissant par venir \u00e0 la surface et provoquant des taches de salp\u00eatre et la d\u00e9gradation des rev\u00eatements;<\/li>\n<li><strong>L\u2019Humidit\u00e9 d\u2019origine accidentelle<\/strong>: elle est provoqu\u00e9e par des accidents, des failles des \u00e9quipements et\/ou le manque de maintenance (par exemple : la rupture d\u2019une canalisation ou d\u2019une goutti\u00e8re, des tuiles cass\u00e9es, des vitres cass\u00e9es ou un d\u00e9faut de leur \u00e9tanch\u00e9it\u00e9, etc.).<\/li>\n<\/ul>\n<p>&nbsp;<\/p>\n<h3><span style=\"color: #800000;\"><strong>Suppression et Traitement Des Humidit\u00e9s<\/strong><\/span><\/h3>\n<p>Lors de la r\u00e9solution des probl\u00e8mes caus\u00e9s par les humidit\u00e9s, RenoBuild accorde une attention particuli\u00e8re au <strong>diagnostic des anomalies<\/strong> pour que le choix de la <strong>m\u00e9thode de r\u00e9paration<\/strong> soit le <strong>plus efficace<\/strong> et <strong>le moins intrusif<\/strong> possible.<\/p>\n<ul>\n<li>Solutions pour combattre les causes de l\u2019humidit\u00e9:\n<ul>\n<li><strong>Isolation Thermique;<\/strong><\/li>\n<li><strong>Syst\u00e8mes de R\u00e9paration de Fissures \/ R\u00e9paration et r\u00e9novation de fa\u00e7ades;<\/strong><\/li>\n<li><strong>\u00c9tanch\u00e9it\u00e9.<\/strong><\/li>\n<\/ul>\n<\/li>\n<li>Solutions pour rendre aux \u00e9l\u00e9ments de la construction les conditions de salubrit\u00e9 ad\u00e9quates:\n<ul>\n<li><strong>Suppression des Moisissures, Champignons et Bact\u00e9ries sur les murs et les plafonds;<\/strong><\/li>\n<li><strong>Enduits macroporeux d&rsquo;Assainissement<\/strong> (enduit avec des filets capillaires et des pores beaucoup plus grands par rapport aux mortiers de ciment couramment utilis\u00e9s dans la construction. Ces enduits favorisent l\u2019\u00e9vaporation de l\u2019eau, permettant la croissance des cristaux \u00e0 l\u2019int\u00e9rieur des macro-pores sans l\u2019apparition des tensions internes);<\/li>\n<li><strong>Autres solutions<\/strong>.<\/li>\n<\/ul>\n<\/li>\n<\/ul>\n<p>&nbsp;<\/p>\n<hr \/>\n<p>&nbsp;<\/p>\n<h3><span style=\"color: #808080;\"><strong>Moisissures<\/strong><\/span><\/h3>\n<p><span style=\"color: #808080;\">Les moisissures sont des colonies de champignons filamenteux g\u00e9r\u00e9s qui vivent parasitairement d\u00e8s lors qu\u2019il existe une mati\u00e8re organique et des conditions favorables d\u2019humidit\u00e9. Elles pr\u00e9sentent un aspect d\u00e9sagr\u00e9able, avec une coloration fonc\u00e9e, en g\u00e9n\u00e9ral verd\u00e2tre. L\u2019humidit\u00e9 \u00e9lev\u00e9e sur les surfaces peut provoquer la formation de moisissures dans les zones les plus froides et les moins ventil\u00e9es d\u2019un logement. En simultan\u00e9 avec leur apparition, une odeur caract\u00e9ristique surgit tr\u00e8s souvent.<\/span><\/p>\n<p><span style=\"color: #808080;\">L\u2019exposition \u00e0 une humidit\u00e9 excessive et \u00e0 des environnements avec de la moisissure augmente les risques pour la sant\u00e9. Les moisissures peuvent provoquer une obstruction nasale, une irritation de la gorge, de la toux, une irritation oculaire, cutan\u00e9e et des voies respiratoires, sans oublier, parfois des cas d\u2019allergie. Chez les personnes \u00e0 l\u2019immunit\u00e9 faible et les personnes atteintes de certaines maladies, les moisissures peuvent constituer des risques accrus.<\/span><\/p>\n<p>&nbsp;<\/p>\n<h3><span style=\"color: #808080;\"><strong>Probl\u00e8mes sur les rev\u00eatements et les murs de ma\u00e7onnerie<\/strong><\/span><\/h3>\n<p><span style=\"color: #808080;\">Les efflorescences (superficielles) et les crypto-efflorescences (int\u00e9rieur de la ma\u00e7onnerie) r\u00e9sultent de la pr\u00e9sence simultan\u00e9e d\u2019humidit\u00e9 et de l\u2019existence de sels solubles dans l\u2019eau. Lorsque l\u2019\u00e9vaporation de l\u2019eau survient ensuite, les sels subissent une cristallisation. Ce ph\u00e9nom\u00e8ne provoque une augmentation expressive de volume et a pour cons\u00e9quence l&rsquo;apparition de cloques sur le rev\u00eatement et leur d\u00e9t\u00e9rioration progressive.<\/span><\/p>\n<p>&nbsp;<\/p>\n<h3><span style=\"color: #808080;\"><strong>V\u00e9g\u00e9tation parasitaire<\/strong><\/span><\/h3>\n<p class=\"FP-Texto\"><span style=\"color: #808080;\">Le d\u00e9veloppement de v\u00e9g\u00e9tation parasitaire, sur diff\u00e9rents \u00e9l\u00e9ments de la construction, est provoqu\u00e9 par la pr\u00e9sence constante d\u2019humidit\u00e9. La v\u00e9g\u00e9tation parasitaire, qui trouve ainsi les conditions id\u00e9ales pour sa multiplication, surgit suite \u00e0 la pr\u00e9sence d\u2019humidit\u00e9 de forme continue et par accumulation de poussi\u00e8res et le d\u00e9p\u00f4t des graines transport\u00e9es par le vent. Parmi les causes pour l\u2019apparition de cette v\u00e9g\u00e9tation, nous soulignons: un d\u00e9faut d\u2019\u00e9coulement; la fissuration; le d\u00e9collement et la d\u00e9sagr\u00e9gation des mat\u00e9riaux et l\u2019absence d\u2019entretien<\/span>.<\/p>\n<p>&nbsp;<\/p>\n<p style=\"text-align: center;\"><span style=\"color: #999999;\">Traitement de l&rsquo;Humidit\u00e9 dans la Maison | RenoBuild Algarve<\/span><\/p>\n<p style=\"text-align: center;\"><span style=\"color: #999999;\"><span style=\"text-decoration: underline;\"><strong><a style=\"color: #999999; text-decoration: underline;\" href=\"http:\/\/www.visitalgarve.pt\/?idioma=fr\" target=\"_blank\">Algarve<\/a><\/strong><\/span>: Portim\u00e3o \u2022 Lagos \u2022 Lagoa \u2022 Carvoeiro \u2022 Aljezur\u00a0\u2022 Sagres \u2022 Monchique \u2022 Silves \u2022 Albufeira<\/span><\/p>\n","protected":false},"excerpt":{"rendered":"<p>Traitement de l&rsquo;Humidit\u00e9 dans la Maison | RenoBuild Algarve \u00a0\u00a0 Traitement de l&rsquo;Humidit\u00e9 L\u2019action de l\u2019eau sous la forme d\u2019humidit\u00e9, \u00e0 l\u2019int\u00e9rieur des murs, est responsable de l\u2019apparition d\u2019une \u00e9norme vari\u00e9t\u00e9 d\u2019anomalies, avec la d\u00e9gradation cons\u00e9quente des b\u00e2timents (rev\u00eatements, enduits et peinture). Les principales origines de l\u2019apparition d\u2019humidit\u00e9 sur les murs sont essentiellement dues \u00e0 [&hellip;]<\/p>\n","protected":false},"author":4,"featured_media":0,"parent":1766,"menu_order":9,"comment_status":"open","ping_status":"open","template":"services-template.php","meta":{"_links_to":"","_links_to_target":""},"_links":{"self":[{"href":"https:\/\/www.renobuild.pt\/fr\/wp-json\/wp\/v2\/pages\/1872"}],"collection":[{"href":"https:\/\/www.renobuild.pt\/fr\/wp-json\/wp\/v2\/pages"}],"about":[{"href":"https:\/\/www.renobuild.pt\/fr\/wp-json\/wp\/v2\/types\/page"}],"author":[{"embeddable":true,"href":"https:\/\/www.renobuild.pt\/fr\/wp-json\/wp\/v2\/users\/4"}],"replies":[{"embeddable":true,"href":"https:\/\/www.renobuild.pt\/fr\/wp-json\/wp\/v2\/comments?post=1872"}],"version-history":[{"count":7,"href":"https:\/\/www.renobuild.pt\/fr\/wp-json\/wp\/v2\/pages\/1872\/revisions"}],"predecessor-version":[{"id":2381,"href":"https:\/\/www.renobuild.pt\/fr\/wp-json\/wp\/v2\/pages\/1872\/revisions\/2381"}],"up":[{"embeddable":true,"href":"https:\/\/www.renobuild.pt\/fr\/wp-json\/wp\/v2\/pages\/1766"}],"wp:attachment":[{"href":"https:\/\/www.renobuild.pt\/fr\/wp-json\/wp\/v2\/media?parent=1872"}],"curies":[{"name":"wp","href":"https:\/\/api.w.org\/{rel}","templated":true}]}}